{"id":41,"date":"2022-04-08T09:12:04","date_gmt":"2022-04-08T07:12:04","guid":{"rendered":"https:\/\/2025.custombikeshow.se\/?page_id=41"},"modified":"2025-06-07T10:04:49","modified_gmt":"2025-06-07T08:04:49","slug":"faq","status":"publish","type":"page","link":"https:\/\/2025.custombikeshow.se\/nn\/faq\/","title":{"rendered":"FAQ"},"content":{"rendered":"<div class=\"wp-block-group alignfull has-primary-background-color has-background has-global-padding is-layout-constrained wp-block-group-is-layout-constrained\">\n<h1 class=\"wp-block-heading\">FAQ<\/h1>\n\n\n\n<h2 class=\"wp-block-heading\"><strong>Vad \u00e4r detta?<\/strong><\/h2>\n\n\n\n<p><strong>DETTA \u00c4R DEN DIGITALA DELEN AV CUSTOM BIKE SHOW.<\/strong><\/p>\n\n\n\n<p>F\u00f6rsta l\u00f6rdag i juni \u00e4r det Custom Bike Show, i Societetsparken i Norrt\u00e4lje med massor av h\u00e4ftiga motorcyklar och tusentals bes\u00f6kare.<\/p>\n\n\n\n<p>H\u00e4r kan ni f\u00f6lja dagen virtuellt via bilder p\u00e5 utst\u00e4llda motorcyklar, kolla vilka som st\u00f6der oss.<\/p>\n\n\n\n<p>Custom Bike Show arrangeras av Twin Club Mc som \u00e4r en av de \u00e4ldsta mc klubbarna i Sverige.<\/p>\n\n\n<div id=\"rank-math-faq\" class=\"rank-math-block\">\n<div class=\"rank-math-list\">\n<div id=\"faq-question-1749209178524\" class=\"rank-math-list-item\">\n<h3 class=\"rank-math-question\">Hur anm\u00e4ler jag mig?<\/h3>\n<div class=\"rank-math-answer\">\n\n<p>N\u00e4r du kommer till Societetsparken f\u00f6rjer du skyltarna \u201dUtst\u00e4llare\u201d vidare in i parken. I entren st\u00e5r Marlon &amp; Co och klassificerar din hoj. F\u00f6lj sedan anvisningarna och k\u00f6r bort till ytan d\u00e4r din \u201dKlass\u201d h\u00e5ller till. D\u00e4r anm\u00e4ler du dig och f\u00e5r ett nummerlapp att s\u00e4tta p\u00e5 hojen.<br \/>\u00a0<br \/>L\u00e4mnade uppgifter om mc, \u00e4gare och ort publiceras. De kontaktuppgifter du l\u00e4mnar (s\u00e5 vi kan n\u00e5 dig) publiceras inte.<\/p>\n\n<\/div>\n<\/div>\n<div id=\"faq-question-1749209223071\" class=\"rank-math-list-item\">\n<h3 class=\"rank-math-question\">Jag har flera motorcyklar jag vill anm\u00e4la, hur g\u00f6r jag d\u00e5?<\/h3>\n<div class=\"rank-math-answer\">\n\n<p>Det g\u00e5r bra, s\u00e5 l\u00e4nge du k\u00f6r in motorcykeln kan du ha hur m\u00e5nga du vill.<br \/>N\u00e4r \u00e4r sista chansen att anm\u00e4la sig?<\/p>\n\n<\/div>\n<\/div>\n<div id=\"faq-question-1749209374779\" class=\"rank-math-list-item\">\n<h3 class=\"rank-math-question\">N\u00e4r \u00e4r sista chansen att anm\u00e4la sig?<\/h3>\n<div class=\"rank-math-answer\">\n\n<p>Anm\u00e4lan \u00e4r \u00f6ppen mellan 09.00 och 13.00 p\u00e5 L\u00f6rdagen.<\/p>\n\n<\/div>\n<\/div>\n<div id=\"faq-question-1749209404529\" class=\"rank-math-list-item\">\n<h3 class=\"rank-math-question\">Vem best\u00e4mmer i vilken klass jag hamnar?<\/h3>\n<div class=\"rank-math-answer\">\n\n<p>I entren st\u00e5r Marlon &amp; Co och klassificerar din hoj.<\/p>\n\n<\/div>\n<\/div>\n<div id=\"faq-question-1749209430079\" class=\"rank-math-list-item\">\n<h3 class=\"rank-math-question\">Hur l\u00e4nge visas bilderna p\u00e5 sidan.<\/h3>\n<div class=\"rank-math-answer\">\n\n<p>Bilderna kommer att finnas att se p\u00e5 denna sida under resten av \u00e5ret och p\u00e5\u00a0<a href=\"https:\/\/www.custombikeshow.se\/\">https:\/\/www.custombikeshow.se\/<\/a>\u00a0d\u00e4refter, utan slutdatum.<\/p>\n\n<\/div>\n<\/div>\n<div id=\"faq-question-1749209470376\" class=\"rank-math-list-item\">\n<h3 class=\"rank-math-question\">Vad kan man vinna?<\/h3>\n<div class=\"rank-math-answer\">\n\n<p>Vinnarna i varje klass f\u00e5r en klassisk tenn-pokal och dessutom dela p\u00e5 ett prisbord v\u00e4rt ca 400.000.- SEK samt ett diplom.<\/p>\n\n<\/div>\n<\/div>\n<div id=\"faq-question-1749209575042\" class=\"rank-math-list-item\">\n<h3 class=\"rank-math-question\">Vad kostar det att st\u00e4lla ut?<\/h3>\n<div class=\"rank-math-answer\">\n\n<p>Det \u00e4r gratis att st\u00e4lla ut. Dock betalar du intr\u00e4de som alla andra.<\/p>\n\n<\/div>\n<\/div>\n<div id=\"faq-question-1749209588694\" class=\"rank-math-list-item\">\n<h3 class=\"rank-math-question\">Hur g\u00f6r jag f\u00f6r att r\u00f6sta?<\/h3>\n<div class=\"rank-math-answer\">\n\n<p>Som bes\u00f6kare, fyll i r\u00f6stsedeln i programbladet med Namn, kontaktuppgifter samt numret p\u00e5 din favoritmotorcykel. Klipp ut och l\u00e4gg i n\u00e5gon av de gula r\u00f6stl\u00e5dorna som finns p\u00e5 omr\u00e5det.<\/p>\n<p>Som utst\u00e4llare kan du kan r\u00f6sta din favoritmotorcykel i varje klass. Du f\u00e5r din r\u00f6stsedeln n\u00e4r du anm\u00e4ler dig. Fyll i den och l\u00e4gg den i en av de gula r\u00f6stl\u00e5dorna som finns placerade runtom i parken.<\/p>\n\n<\/div>\n<\/div>\n<div id=\"faq-question-1749209622343\" class=\"rank-math-list-item\">\n<h3 class=\"rank-math-question\">Hur vet jag vem som vinner?<\/h3>\n<div class=\"rank-math-answer\">\n\n<p>Vinnare presenteras p\u00e5 prisutdelningen i parken samt publiceras h\u00e4r och p\u00e5\u00a0<a href=\"https:\/\/www.custombikeshow.se\/\">https:\/\/www.custombikeshow.se\/<\/a>\u00a0p\u00e5 vanligt s\u00e4tt n\u00e4r utst\u00e4llningen \u00e4r genomf\u00f6rd.<\/p>\n\n<\/div>\n<\/div>\n<div id=\"faq-question-1749209643959\" class=\"rank-math-list-item\">\n<h3 class=\"rank-math-question\">\u00c4r det fest hos er p\u00e5 kv\u00e4llarna f\u00f6re och efter utst\u00e4llningen?<\/h3>\n<div class=\"rank-math-answer\">\n\n<p>Ja, det \u00e4r party b\u00e5de Fredag och L\u00f6rdag!<\/p>\n\n<\/div>\n<\/div>\n<\/div>\n<\/div><\/div>","protected":false},"excerpt":{"rendered":"<p>FAQ Vad \u00e4r detta? DETTA \u00c4R DEN DIGITALA DELEN AV CUSTOM BIKE SHOW. F\u00f6rsta l\u00f6rdag i juni \u00e4r det Custom Bike Show, i Societetsparken i Norrt\u00e4lje med massor av h\u00e4ftiga motorcyklar och tusentals bes\u00f6kare. H\u00e4r kan ni f\u00f6lja dagen virtuellt via bilder p\u00e5 utst\u00e4llda motorcyklar, kolla vilka som st\u00f6der oss. Custom Bike Show arrangeras av [&hellip;]<\/p>\n","protected":false},"author":1,"featured_media":0,"parent":0,"menu_order":0,"comment_status":"closed","ping_status":"closed","template":"","meta":{"greyd_block_editor_preview":[],"iawp_total_views":505,"footnotes":""},"class_list":["post-41","page","type-page","status-publish","hentry"],"_links":{"self":[{"href":"https:\/\/2025.custombikeshow.se\/nn\/wp-json\/wp\/v2\/pages\/41","targetHints":{"allow":["GET"]}}],"collection":[{"href":"https:\/\/2025.custombikeshow.se\/nn\/wp-json\/wp\/v2\/pages"}],"about":[{"href":"https:\/\/2025.custombikeshow.se\/nn\/wp-json\/wp\/v2\/types\/page"}],"author":[{"embeddable":true,"href":"https:\/\/2025.custombikeshow.se\/nn\/wp-json\/wp\/v2\/users\/1"}],"replies":[{"embeddable":true,"href":"https:\/\/2025.custombikeshow.se\/nn\/wp-json\/wp\/v2\/comments?post=41"}],"version-history":[{"count":50,"href":"https:\/\/2025.custombikeshow.se\/nn\/wp-json\/wp\/v2\/pages\/41\/revisions"}],"predecessor-version":[{"id":6174,"href":"https:\/\/2025.custombikeshow.se\/nn\/wp-json\/wp\/v2\/pages\/41\/revisions\/6174"}],"wp:attachment":[{"href":"https:\/\/2025.custombikeshow.se\/nn\/wp-json\/wp\/v2\/media?parent=41"}],"curies":[{"name":"wp","href":"https:\/\/api.w.org\/{rel}","templated":true}]}}