{"id":2117,"date":"2023-05-30T11:16:35","date_gmt":"2023-05-30T09:16:35","guid":{"rendered":"https:\/\/2025.custombikeshow.se\/?page_id=2117"},"modified":"2025-06-07T14:00:16","modified_gmt":"2025-06-07T12:00:16","slug":"juryn-custom-bike-show-2025-stockholm","status":"publish","type":"page","link":"https:\/\/2025.custombikeshow.se\/nn\/juryn-custom-bike-show-2025-stockholm\/","title":{"rendered":"Juryn Custom Bike Show 2025"},"content":{"rendered":"<div class=\"wp-block-group alignfull has-primary-background-color has-background has-global-padding is-layout-constrained wp-block-group-is-layout-constrained\" style=\"padding-top:var(--wp--preset--spacing--large);padding-bottom:var(--wp--preset--spacing--large)\">\n<h2 class=\"wp-block-heading\">Juryn Custom Bike Show 2025<\/h2>\n\n\n\n<div class=\"wp-block-cover is-light\"><img decoding=\"async\" width=\"1024\" height=\"768\" class=\"wp-block-cover__image-background wp-image-6070 size-large\" alt=\"\" src=\"https:\/\/2025.custombikeshow.se\/wp-content\/uploads\/2025\/06\/IMG_5728-1024x768.jpeg\" data-object-fit=\"cover\" srcset=\"https:\/\/2025.custombikeshow.se\/wp-content\/uploads\/2025\/06\/IMG_5728-1024x768.jpeg 1024w, https:\/\/2025.custombikeshow.se\/wp-content\/uploads\/2025\/06\/IMG_5728-300x225.jpeg 300w, https:\/\/2025.custombikeshow.se\/wp-content\/uploads\/2025\/06\/IMG_5728-768x576.jpeg 768w, https:\/\/2025.custombikeshow.se\/wp-content\/uploads\/2025\/06\/IMG_5728-1536x1152.jpeg 1536w, https:\/\/2025.custombikeshow.se\/wp-content\/uploads\/2025\/06\/IMG_5728-scaled.jpeg 1600w, https:\/\/2025.custombikeshow.se\/wp-content\/uploads\/2025\/06\/IMG_5728-16x12.jpeg 16w\" sizes=\"(max-width: 1024px) 100vw, 1024px\" \/><span aria-hidden=\"true\" class=\"wp-block-cover__background has-background-dim-10 has-background-dim\" style=\"background-color:#a27572\"><\/span><div class=\"wp-block-cover__inner-container has-global-padding is-layout-constrained wp-block-cover-is-layout-constrained\">\n<p class=\"has-text-align-center has-large-font-size\"><\/p>\n<\/div><\/div>\n\n\n\n<div class=\"wp-block-group is-nowrap is-layout-flex wp-container-core-group-is-layout-6c531013 wp-block-group-is-layout-flex\">\n<div class=\"wp-block-columns is-layout-flex wp-container-core-columns-is-layout-28f84493 wp-block-columns-is-layout-flex\">\n<div class=\"wp-block-column col-12 col-sm-auto is-layout-flow wp-block-column-is-layout-flow\" style=\"flex-basis:66.66%;width:66.66%\">\n<figure class=\"wp-block-image size-large\"><img decoding=\"async\" width=\"768\" height=\"1024\" src=\"https:\/\/2025.custombikeshow.se\/wp-content\/uploads\/2025\/06\/IMG_5731-768x1024.jpeg\" alt=\"\" class=\"wp-image-6080\" style=\"aspect-ratio:1;object-fit:cover\" srcset=\"https:\/\/2025.custombikeshow.se\/wp-content\/uploads\/2025\/06\/IMG_5731-768x1024.jpeg 768w, https:\/\/2025.custombikeshow.se\/wp-content\/uploads\/2025\/06\/IMG_5731-225x300.jpeg 225w, https:\/\/2025.custombikeshow.se\/wp-content\/uploads\/2025\/06\/IMG_5731-1152x1536.jpeg 1152w, https:\/\/2025.custombikeshow.se\/wp-content\/uploads\/2025\/06\/IMG_5731-scaled.jpeg 1200w, https:\/\/2025.custombikeshow.se\/wp-content\/uploads\/2025\/06\/IMG_5731-9x12.jpeg 9w\" sizes=\"(max-width: 768px) 100vw, 768px\" \/><\/figure>\n\n\n\n<p>Micke Schultz, Stockholm<\/p>\n<\/div>\n\n\n\n<div class=\"wp-block-column col-12 col-sm-auto is-layout-flow wp-block-column-is-layout-flow\" style=\"flex-basis:33.33%;width:33.33%\">\n<figure class=\"wp-block-image size-large\"><img decoding=\"async\" width=\"768\" height=\"1024\" src=\"https:\/\/2025.custombikeshow.se\/wp-content\/uploads\/2025\/06\/IMG_5730-768x1024.jpeg\" alt=\"\" class=\"wp-image-6076\" style=\"aspect-ratio:1;object-fit:cover\" srcset=\"https:\/\/2025.custombikeshow.se\/wp-content\/uploads\/2025\/06\/IMG_5730-768x1024.jpeg 768w, https:\/\/2025.custombikeshow.se\/wp-content\/uploads\/2025\/06\/IMG_5730-225x300.jpeg 225w, https:\/\/2025.custombikeshow.se\/wp-content\/uploads\/2025\/06\/IMG_5730-1152x1536.jpeg 1152w, https:\/\/2025.custombikeshow.se\/wp-content\/uploads\/2025\/06\/IMG_5730-scaled.jpeg 1200w, https:\/\/2025.custombikeshow.se\/wp-content\/uploads\/2025\/06\/IMG_5730-9x12.jpeg 9w\" sizes=\"(max-width: 768px) 100vw, 768px\" \/><\/figure>\n\n\n\n<p>Kenneth Holmberg, Twin Club Norrt\u00e4lje<\/p>\n<\/div>\n\n\n\n<div class=\"wp-block-column col-12 col-sm-auto is-layout-flow wp-block-column-is-layout-flow\" style=\"flex-basis:33.33%;width:33.33%\">\n<figure class=\"wp-block-image size-large\"><img decoding=\"async\" width=\"768\" height=\"1024\" src=\"https:\/\/2025.custombikeshow.se\/wp-content\/uploads\/2025\/06\/IMG_5732-768x1024.jpeg\" alt=\"\" class=\"wp-image-6079\" style=\"aspect-ratio:1;object-fit:cover\" srcset=\"https:\/\/2025.custombikeshow.se\/wp-content\/uploads\/2025\/06\/IMG_5732-768x1024.jpeg 768w, https:\/\/2025.custombikeshow.se\/wp-content\/uploads\/2025\/06\/IMG_5732-225x300.jpeg 225w, https:\/\/2025.custombikeshow.se\/wp-content\/uploads\/2025\/06\/IMG_5732-1152x1536.jpeg 1152w, https:\/\/2025.custombikeshow.se\/wp-content\/uploads\/2025\/06\/IMG_5732-scaled.jpeg 1200w, https:\/\/2025.custombikeshow.se\/wp-content\/uploads\/2025\/06\/IMG_5732-9x12.jpeg 9w\" sizes=\"(max-width: 768px) 100vw, 768px\" \/><\/figure>\n\n\n\n<p>Roffe Johansson, Stockholm<\/p>\n<\/div>\n\n\n\n<div class=\"wp-block-column col-12 col-sm-auto is-layout-flow wp-block-column-is-layout-flow\" style=\"flex-basis:33.33%;width:33.33%\">\n<figure class=\"wp-block-image size-large\"><img decoding=\"async\" width=\"768\" height=\"1024\" src=\"https:\/\/2025.custombikeshow.se\/wp-content\/uploads\/2025\/06\/IMG_5733-768x1024.jpeg\" alt=\"\" class=\"wp-image-6078\" style=\"aspect-ratio:1;object-fit:cover\" srcset=\"https:\/\/2025.custombikeshow.se\/wp-content\/uploads\/2025\/06\/IMG_5733-768x1024.jpeg 768w, https:\/\/2025.custombikeshow.se\/wp-content\/uploads\/2025\/06\/IMG_5733-225x300.jpeg 225w, https:\/\/2025.custombikeshow.se\/wp-content\/uploads\/2025\/06\/IMG_5733-1152x1536.jpeg 1152w, https:\/\/2025.custombikeshow.se\/wp-content\/uploads\/2025\/06\/IMG_5733-scaled.jpeg 1200w, https:\/\/2025.custombikeshow.se\/wp-content\/uploads\/2025\/06\/IMG_5733-9x12.jpeg 9w\" sizes=\"(max-width: 768px) 100vw, 768px\" \/><\/figure>\n\n\n\n<p>Richard Larsson, Stockholm<\/p>\n<\/div>\n\n\n\n<div class=\"wp-block-column col-12 col-sm-auto is-layout-flow wp-block-column-is-layout-flow\" style=\"flex-basis:33.33%;width:33.33%\">\n<figure class=\"wp-block-image size-large\"><img decoding=\"async\" width=\"768\" height=\"1024\" src=\"https:\/\/2025.custombikeshow.se\/wp-content\/uploads\/2025\/06\/IMG_5734-768x1024.jpeg\" alt=\"\" class=\"wp-image-6077\" style=\"aspect-ratio:1;object-fit:cover\" srcset=\"https:\/\/2025.custombikeshow.se\/wp-content\/uploads\/2025\/06\/IMG_5734-768x1024.jpeg 768w, https:\/\/2025.custombikeshow.se\/wp-content\/uploads\/2025\/06\/IMG_5734-225x300.jpeg 225w, https:\/\/2025.custombikeshow.se\/wp-content\/uploads\/2025\/06\/IMG_5734-1152x1536.jpeg 1152w, https:\/\/2025.custombikeshow.se\/wp-content\/uploads\/2025\/06\/IMG_5734-scaled.jpeg 1200w, https:\/\/2025.custombikeshow.se\/wp-content\/uploads\/2025\/06\/IMG_5734-9x12.jpeg 9w\" sizes=\"(max-width: 768px) 100vw, 768px\" \/><\/figure>\n\n\n\n<p>Marcus Loman, Twin Club Norrt\u00e4lje<\/p>\n<\/div>\n<\/div>\n<\/div>\n\n\n\n<p><strong>Custom Bike Show 2025<\/strong> f\u00f6rv\u00e4ntas bli ett av \u00e5rets mest efterl\u00e4ngtade evenemang inom custom-motorcykelv\u00e4rlden. Evenemanget h\u00e5lls i den livfulla staden Norrt\u00e4lje och samlar entusiaster, byggare och fans fr\u00e5n hela v\u00e4rlden f\u00f6r att fira konsten att bygga specialanpassade motorcyklar. Bes\u00f6kare kan se fram emot en utst\u00e4llning fylld av unika designer, innovativ ingenj\u00f6rskonst och de senaste trenderna inom motorcykelindustrin. F\u00f6rv\u00e4ntningarna stiger i takt med att datumet n\u00e4rmar sig, och m\u00e5nga ser fram emot att f\u00e5 se vilka kreativa byggen som kommer att avsl\u00f6jas.<\/p>\n\n\n\n<p>Normalt r\u00f6stas vinnarna fram av utst\u00e4llarna sj\u00e4lva. Juryn utg\u00f6r ett alternativ och utser 3 pristagare till &#8221;Twin Club Jury Award&#8221; oavsett klasstillh\u00f6righet.<\/p>\n\n\n\n<p><\/p>\n\n\n\n<p><strong>Micke Schultz<\/strong>, en v\u00e4lk\u00e4nd profil fr\u00e5n Stockholm inom motorcykelv\u00e4rlden. Hans \u00e5ker mycket och l\u00e5ngtn bland annat ett 20-tal resor till olika event i Europa. Mickes passion b\u00f6rjade tidigt i livet och n\u00e4r han inte \u00e5ker hoj \u00e4r han i &#8221;Pysslet&#8221; och skapar metallkonst.<\/p>\n\n\n\n<p><strong>Kenneth Holmberg<\/strong>, som representerar Twin Club Norrt\u00e4lje.<br>Hans byggen \u00e4r m\u00e5nga och han representerar \u00e4ven Zodiac i Norden.<br>Med sitt f\u00f6retag SweComposite \u00e4r han ett k\u00e4nt namn inom racingv\u00e4rlden.<\/p>\n\n\n\n<p><strong>Roffe Johansson<\/strong>, ocks\u00e5 fr\u00e5n Stockholm, \u00e5ker ocks\u00e5 l\u00e5ngt och mycket.<br>Han ser man annars p\u00e5 sitt f\u00f6retag The Part Stop och numera ocks\u00e5 Ace performance.<\/p>\n\n\n\n<p><strong>Richard Larsson<\/strong>, \u00e4nnu en central deltagare fr\u00e5n Stockholm. Richard \u00e4r en duktigt och noggrann chopperbyggare. Annars hittar man honom i skogen eller p\u00e5 sj\u00f6n med ett fiskesp\u00f6 eller b\u00f6ssa i handen.<\/p>\n\n\n\n<p><strong>Marcus Loman<\/strong>, som representerar Twin Club Norrt\u00e4lje tillsammans med Kenneth, \u00e4r lovande byggare men f\u00f6r n\u00e4rvarande tar familjen stort utrymme.<\/p>\n\n\n\n<p><\/p>\n<\/div>","protected":false},"excerpt":{"rendered":"<p>Juryn Custom Bike Show 2025 Micke Schultz, Stockholm Kenneth Holmberg, Twin Club Norrt\u00e4lje Roffe Johansson, Stockholm Richard Larsson, Stockholm Marcus Loman, Twin Club Norrt\u00e4lje Custom Bike Show 2025 f\u00f6rv\u00e4ntas bli ett av \u00e5rets mest efterl\u00e4ngtade evenemang inom custom-motorcykelv\u00e4rlden. Evenemanget h\u00e5lls i den livfulla staden Norrt\u00e4lje och samlar entusiaster, byggare och fans fr\u00e5n hela v\u00e4rlden f\u00f6r [&hellip;]<\/p>\n","protected":false},"author":1,"featured_media":0,"parent":0,"menu_order":0,"comment_status":"closed","ping_status":"closed","template":"","meta":{"greyd_block_editor_preview":[],"iawp_total_views":462,"footnotes":""},"class_list":["post-2117","page","type-page","status-publish","hentry"],"_links":{"self":[{"href":"https:\/\/2025.custombikeshow.se\/nn\/wp-json\/wp\/v2\/pages\/2117","targetHints":{"allow":["GET"]}}],"collection":[{"href":"https:\/\/2025.custombikeshow.se\/nn\/wp-json\/wp\/v2\/pages"}],"about":[{"href":"https:\/\/2025.custombikeshow.se\/nn\/wp-json\/wp\/v2\/types\/page"}],"author":[{"embeddable":true,"href":"https:\/\/2025.custombikeshow.se\/nn\/wp-json\/wp\/v2\/users\/1"}],"replies":[{"embeddable":true,"href":"https:\/\/2025.custombikeshow.se\/nn\/wp-json\/wp\/v2\/comments?post=2117"}],"version-history":[{"count":65,"href":"https:\/\/2025.custombikeshow.se\/nn\/wp-json\/wp\/v2\/pages\/2117\/revisions"}],"predecessor-version":[{"id":6397,"href":"https:\/\/2025.custombikeshow.se\/nn\/wp-json\/wp\/v2\/pages\/2117\/revisions\/6397"}],"wp:attachment":[{"href":"https:\/\/2025.custombikeshow.se\/nn\/wp-json\/wp\/v2\/media?parent=2117"}],"curies":[{"name":"wp","href":"https:\/\/api.w.org\/{rel}","templated":true}]}}