{"id":6369,"date":"2025-06-07T13:08:21","date_gmt":"2025-06-07T11:08:21","guid":{"rendered":"https:\/\/2025.custombikeshow.se\/?page_id=6369"},"modified":"2025-06-07T13:14:38","modified_gmt":"2025-06-07T11:14:38","slug":"mostra-di-moto-personalizzate","status":"publish","type":"page","link":"https:\/\/2025.custombikeshow.se\/it\/mostra-di-moto-personalizzate\/","title":{"rendered":"Custom Bike Show"},"content":{"rendered":"<div class=\"wp-block-group alignfull has-primary-background-color has-background has-global-padding is-layout-constrained wp-block-group-is-layout-constrained\" style=\"padding-top:var(--wp--preset--spacing--large);padding-bottom:var(--wp--preset--spacing--large)\">\n<h2 class=\"wp-block-heading\"><strong>Benvenuti al Custom Bike Show di Norrt\u00e4lje 2025!<\/strong><\/h2>\n\n\n\n<p>Avete la benzina nel sangue, un occhio per i dettagli e un cuore che batte un po' di pi\u00f9 per le moto custom? Allora non potete perdervi <strong>Mostra di biciclette personalizzate a Norrt\u00e4lje 2025<\/strong> - uno degli eventi pi\u00f9 leggendari d'Europa per chi ama le moto al di l\u00e0 dell'ordinario.<\/p>\n\n\n\n<p>Ogni anno, migliaia di visitatori si riuniscono nell'affascinante Norrt\u00e4lje per vivere una giornata all'insegna delle cromature, della pelle, del rombo dei motori e soprattutto della passione. Qui, costruttori professionisti, appassionati, visitatori curiosi e tutta la Svezia motociclistica si incontrano per godere di qualcosa che \u00e8 molto pi\u00f9 di una semplice esposizione. \u00c8 uno stile di vita.<\/p>\n\n\n\n<h3 class=\"wp-block-heading\"><strong>Lo spettacolo in cui gli edifici parlano la loro lingua<\/strong><\/h3>\n\n\n\n<p>Il Custom Bike Show non \u00e8 una normale fiera di moto. Questo \u00e8 il palcoscenico dove <strong>design unico, tecnologia intelligente e idee folli sono al centro della scena<\/strong>. Si tratta di chopper, bobber, caf\u00e9 racer, biciclette elettriche e opere d'arte su due ruote mai viste prima. E non si tratta solo di un'esibizione: i costruttori competono anche per l'onore, i premi e gli applausi della folla.<\/p>\n\n\n\n<p>Volete partecipare alla mostra? Divertimento assicurato! Tutti sono i benvenuti, sia che abbiate costruito qualcosa da soli in garage sia che stiate portando avanti un progetto di squadra con i vostri amici. L'importante \u00e8 che la moto abbia un'anima. L'iscrizione \u00e8 facile tramite il sito web e ci sono diverse classi di gara tra cui scegliere.<\/p>\n\n\n\n<h3 class=\"wp-block-heading\"><strong>A parte le biciclette, c'\u00e8 molto da fare!<\/strong><\/h3>\n\n\n\n<p>Anche se le moto sono al centro dell'attenzione, ci sono <strong>molto altro da sperimentare al Custom Bike Show<\/strong>:<\/p>\n\n\n\n<ul class=\"wp-block-list\">\n<li><strong>Area di mercato<\/strong> con fornitori, produttori e rivenditori di tutto, dai pezzi di ricambio alle attrezzature, dal merch al vintage.<\/li>\n\n\n\n<li><strong>Cibo di strada e camioncini di cibo locale<\/strong> - \u00e8 garantito che ci sia qualcosa per tutti.<\/li>\n\n\n\n<li><strong>Spettacoli e musica dal vivo<\/strong> tutto il giorno. Cos'\u00e8 una festa in moto senza un bel rock in sottofondo?<\/li>\n\n\n\n<li><strong>Attivit\u00e0 a misura di bambino<\/strong> - S\u00ec, potete portare tutta la famiglia!<\/li>\n\n\n\n<li><strong>Seminari e dialoghi<\/strong> con alcuni dei pi\u00f9 noti costruttori svedesi. Ottenete consigli, ispirazione e forse anche strumenti per la vostra prossima costruzione.<\/li>\n<\/ul>\n\n\n\n<h3 class=\"wp-block-heading\"><strong>Un luogo d'incontro per la cultura della moto<\/strong><\/h3>\n\n\n\n<p>Il Custom Bike Show \u00e8 pi\u00f9 di una semplice mostra: \u00e8 una comunit\u00e0. \u00c8 un luogo dove incontrare persone che la pensano allo stesso modo, parlare di bulloni e vernici, trarre ispirazione e forse anche trovare partner o amici motociclisti per tutta la vita. Sia che siate motociclisti incalliti, curiosi o che stiate costruendo la vostra prima moto. <strong>tutti sono benvenuti nella comunit\u00e0<\/strong>.<\/p>\n\n\n\n<h3 class=\"wp-block-heading\"><strong>Norrt\u00e4lje - luogo perfetto per la cultura della bicicletta<\/strong><\/h3>\n\n\n\n<p>Norrt\u00e4lje dista solo un'ora da Stoccolma, ma ha un'atmosfera tutta sua. \u00c8 una cittadina accogliente con caff\u00e8, acqua, vecchi edifici industriali e strade larghe, perfetta per una festa in moto. Molte persone colgono l'occasione per andare in moto alla fiera e godersi le strade di campagna attraverso Roslagen.<\/p>\n<\/div>","protected":false},"excerpt":{"rendered":"<p>V\u00e4lkommen till Custom Bike Show i Norrt\u00e4lje 2025! Har du bensin i blodet, ett \u00f6ga f\u00f6r detaljer och ett hj\u00e4rta som dunkar lite extra f\u00f6r customhojar? D\u00e5 f\u00e5r du inte missa Custom Bike Show i Norrt\u00e4lje 2025 \u2013 ett av Europas mest legendariska evenemang f\u00f6r dig som \u00e4lskar motorcyklar ut\u00f6ver det vanliga. Varje \u00e5r samlas [&hellip;]<\/p>\n","protected":false},"author":1,"featured_media":0,"parent":0,"menu_order":0,"comment_status":"closed","ping_status":"closed","template":"","meta":{"greyd_block_editor_preview":[],"iawp_total_views":135,"footnotes":""},"class_list":["post-6369","page","type-page","status-publish","hentry"],"_links":{"self":[{"href":"https:\/\/2025.custombikeshow.se\/it\/wp-json\/wp\/v2\/pages\/6369","targetHints":{"allow":["GET"]}}],"collection":[{"href":"https:\/\/2025.custombikeshow.se\/it\/wp-json\/wp\/v2\/pages"}],"about":[{"href":"https:\/\/2025.custombikeshow.se\/it\/wp-json\/wp\/v2\/types\/page"}],"author":[{"embeddable":true,"href":"https:\/\/2025.custombikeshow.se\/it\/wp-json\/wp\/v2\/users\/1"}],"replies":[{"embeddable":true,"href":"https:\/\/2025.custombikeshow.se\/it\/wp-json\/wp\/v2\/comments?post=6369"}],"version-history":[{"count":4,"href":"https:\/\/2025.custombikeshow.se\/it\/wp-json\/wp\/v2\/pages\/6369\/revisions"}],"predecessor-version":[{"id":6383,"href":"https:\/\/2025.custombikeshow.se\/it\/wp-json\/wp\/v2\/pages\/6369\/revisions\/6383"}],"wp:attachment":[{"href":"https:\/\/2025.custombikeshow.se\/it\/wp-json\/wp\/v2\/media?parent=6369"}],"curies":[{"name":"wp","href":"https:\/\/api.w.org\/{rel}","templated":true}]}}