{"id":41,"date":"2022-04-08T09:12:04","date_gmt":"2022-04-08T07:12:04","guid":{"rendered":"https:\/\/2025.custombikeshow.se\/?page_id=41"},"modified":"2025-06-07T10:04:49","modified_gmt":"2025-06-07T08:04:49","slug":"faq","status":"publish","type":"page","link":"https:\/\/2025.custombikeshow.se\/it\/faq\/","title":{"rendered":"FAQ"},"content":{"rendered":"<div class=\"wp-block-group alignfull has-primary-background-color has-background has-global-padding is-layout-constrained wp-block-group-is-layout-constrained\">\n<h1 class=\"wp-block-heading\">FAQ<\/h1>\n\n\n\n<h2 class=\"wp-block-heading\"><strong>Che cos'\u00e8 questo?<\/strong><\/h2>\n\n\n\n<p><strong>QUESTA \u00c8 LA PARTE DIGITALE DEL CUSTOM BIKE SHOW.<\/strong><\/p>\n\n\n\n<p>Il primo sabato di giugno si tiene il Custom Bike Show, presso il Societetetsparken di Norrt\u00e4lje, con tante belle moto e migliaia di visitatori.<\/p>\n\n\n\n<p>Qui potete seguire virtualmente la giornata attraverso le immagini delle moto in esposizione, e verificare chi ci sostiene.<\/p>\n\n\n\n<p>Il Custom Bike Show \u00e8 organizzato dal Twin Club Mc, uno dei pi\u00f9 antichi club motociclistici della Svezia.<\/p>\n\n\n<div id=\"rank-math-faq\" class=\"rank-math-block\">\n<div class=\"rank-math-list\">\n<div id=\"faq-question-1749209178524\" class=\"rank-math-list-item\">\n<h3 class=\"rank-math-question\">Come ci si iscrive?<\/h3>\n<div class=\"rank-math-answer\">\n\n<p>Quando arrivate al Societetetsparken, seguite le indicazioni \"Espositore\" per entrare nel parco. All'ingresso, Marlon &amp; Co classificheranno la vostra moto. Seguite quindi le istruzioni e raggiungete l'area in cui si trova la vostra \"Classe\". L\u00ec ci si registra e si ottiene una targhetta con il numero da apporre sulla propria moto.<br \/>\u00a0<br \/>Le informazioni fornite sulla moto, sul proprietario e sulla posizione saranno pubblicate. I dati di contatto forniti dall'utente (per poterlo contattare) non vengono pubblicati.<\/p>\n\n<\/div>\n<\/div>\n<div id=\"faq-question-1749209223071\" class=\"rank-math-list-item\">\n<h3 class=\"rank-math-question\">Ho diverse moto che voglio registrare, come faccio?<\/h3>\n<div class=\"rank-math-answer\">\n\n<p>Non c'\u00e8 problema, basta che siate voi a guidare la moto, potete averne quante ne volete.<br \/>Quando \u00e8 l'ultima possibilit\u00e0 di iscriversi?<\/p>\n\n<\/div>\n<\/div>\n<div id=\"faq-question-1749209374779\" class=\"rank-math-list-item\">\n<h3 class=\"rank-math-question\">Quando \u00e8 l'ultima possibilit\u00e0 di iscriversi?<\/h3>\n<div class=\"rank-math-answer\">\n\n<p>Le iscrizioni sono aperte dalle 09.00 alle 13.00 di sabato.<\/p>\n\n<\/div>\n<\/div>\n<div id=\"faq-question-1749209404529\" class=\"rank-math-list-item\">\n<h3 class=\"rank-math-question\">Chi decide in quale classe sono inserito?<\/h3>\n<div class=\"rank-math-answer\">\n\n<p>All'ingresso, Marlon &amp; Co classificheranno la vostra bicicletta.<\/p>\n\n<\/div>\n<\/div>\n<div id=\"faq-question-1749209430079\" class=\"rank-math-list-item\">\n<h3 class=\"rank-math-question\">Per quanto tempo le immagini vengono visualizzate sulla pagina.<\/h3>\n<div class=\"rank-math-answer\">\n\n<p>Le immagini saranno disponibili su questa pagina per il resto dell'anno e su\u00a0<a href=\"https:\/\/www.custombikeshow.se\/\">https:\/\/www.custombikeshow.se\/<\/a>\u00a0successivamente, senza una data di scadenza.<\/p>\n\n<\/div>\n<\/div>\n<div id=\"faq-question-1749209470376\" class=\"rank-math-list-item\">\n<h3 class=\"rank-math-question\">Cosa si pu\u00f2 guadagnare?<\/h3>\n<div class=\"rank-math-answer\">\n\n<p>I vincitori di ogni classe riceveranno un classico trofeo in peltro e condivideranno anche un tavolo di premi del valore di circa 400.000 corone svedesi e un diploma.<\/p>\n\n<\/div>\n<\/div>\n<div id=\"faq-question-1749209575042\" class=\"rank-math-list-item\">\n<h3 class=\"rank-math-question\">Quanto costa esporre?<\/h3>\n<div class=\"rank-math-answer\">\n\n<p>L'esposizione \u00e8 gratuita. Tuttavia, si paga l'ingresso come tutti gli altri.<\/p>\n\n<\/div>\n<\/div>\n<div id=\"faq-question-1749209588694\" class=\"rank-math-list-item\">\n<h3 class=\"rank-math-question\">Come si vota?<\/h3>\n<div class=\"rank-math-answer\">\n\n<p>Come visitatore, compila la scheda di voto nel foglio del programma con il tuo nome, i tuoi dati di contatto e il numero della tua moto preferita. Ritagliatela e inseritela in una delle urne gialle disponibili sul sito.<\/p>\n<p>Come espositori, potete votare la vostra moto preferita in ogni classe. Riceverete la scheda elettorale al momento dell'iscrizione. Compilatela e inseritela in una delle urne gialle posizionate nel parco.<\/p>\n\n<\/div>\n<\/div>\n<div id=\"faq-question-1749209622343\" class=\"rank-math-list-item\">\n<h3 class=\"rank-math-question\">Come faccio a sapere chi vincer\u00e0?<\/h3>\n<div class=\"rank-math-answer\">\n\n<p>I vincitori verranno annunciati durante la cerimonia di premiazione nel parco e pubblicati qui e su\u00a0<a href=\"https:\/\/www.custombikeshow.se\/\">https:\/\/www.custombikeshow.se\/<\/a>\u00a0nel modo consueto una volta completata la mostra.<\/p>\n\n<\/div>\n<\/div>\n<div id=\"faq-question-1749209643959\" class=\"rank-math-list-item\">\n<h3 class=\"rank-math-question\">Organizzate feste la sera prima e dopo la mostra?<\/h3>\n<div class=\"rank-math-answer\">\n\n<p>S\u00ec, c'\u00e8 una festa sia venerd\u00ec che sabato!<\/p>\n\n<\/div>\n<\/div>\n<\/div>\n<\/div><\/div>","protected":false},"excerpt":{"rendered":"<p>FAQ Vad \u00e4r detta? DETTA \u00c4R DEN DIGITALA DELEN AV CUSTOM BIKE SHOW. F\u00f6rsta l\u00f6rdag i juni \u00e4r det Custom Bike Show, i Societetsparken i Norrt\u00e4lje med massor av h\u00e4ftiga motorcyklar och tusentals bes\u00f6kare. H\u00e4r kan ni f\u00f6lja dagen virtuellt via bilder p\u00e5 utst\u00e4llda motorcyklar, kolla vilka som st\u00f6der oss. Custom Bike Show arrangeras av [&hellip;]<\/p>\n","protected":false},"author":1,"featured_media":0,"parent":0,"menu_order":0,"comment_status":"closed","ping_status":"closed","template":"","meta":{"greyd_block_editor_preview":[],"iawp_total_views":500,"footnotes":""},"class_list":["post-41","page","type-page","status-publish","hentry"],"_links":{"self":[{"href":"https:\/\/2025.custombikeshow.se\/it\/wp-json\/wp\/v2\/pages\/41","targetHints":{"allow":["GET"]}}],"collection":[{"href":"https:\/\/2025.custombikeshow.se\/it\/wp-json\/wp\/v2\/pages"}],"about":[{"href":"https:\/\/2025.custombikeshow.se\/it\/wp-json\/wp\/v2\/types\/page"}],"author":[{"embeddable":true,"href":"https:\/\/2025.custombikeshow.se\/it\/wp-json\/wp\/v2\/users\/1"}],"replies":[{"embeddable":true,"href":"https:\/\/2025.custombikeshow.se\/it\/wp-json\/wp\/v2\/comments?post=41"}],"version-history":[{"count":50,"href":"https:\/\/2025.custombikeshow.se\/it\/wp-json\/wp\/v2\/pages\/41\/revisions"}],"predecessor-version":[{"id":6174,"href":"https:\/\/2025.custombikeshow.se\/it\/wp-json\/wp\/v2\/pages\/41\/revisions\/6174"}],"wp:attachment":[{"href":"https:\/\/2025.custombikeshow.se\/it\/wp-json\/wp\/v2\/media?parent=41"}],"curies":[{"name":"wp","href":"https:\/\/api.w.org\/{rel}","templated":true}]}}