{"id":39,"date":"2022-04-08T09:12:02","date_gmt":"2022-04-08T07:12:02","guid":{"rendered":"https:\/\/2025.custombikeshow.se\/?page_id=39"},"modified":"2025-06-07T09:20:17","modified_gmt":"2025-06-07T07:20:17","slug":"programma","status":"publish","type":"page","link":"https:\/\/2025.custombikeshow.se\/it\/programma\/","title":{"rendered":"Programma"},"content":{"rendered":"<div class=\"wp-block-group alignfull has-primary-accent-color has-primary-background-color has-text-color has-background has-link-color wp-elements-50c8d318314b3406757b98e5c6b20f4d has-global-padding is-layout-constrained wp-block-group-is-layout-constrained\" style=\"padding-top:var(--wp--preset--spacing--x-large);padding-bottom:var(--wp--preset--spacing--x-large)\">\n<h1 class=\"wp-block-heading has-large-font-size\" id=\"program-custom-bike-show\">Programma - Salone della bicicletta personalizzata<\/h1>\n\n\n\n<p>09:00 Apertura per gli espositori<\/p>\n\n\n\n<p>10:00 Apertura ai visitatori<\/p>\n\n\n\n<p>13:00 Ultimo ingresso per gli espositori<\/p>\n\n\n\n<p>14:00 Ultima possibilit\u00e0 di votare \"Peoples Choice\" (Scelta del popolo)<\/p>\n\n\n\n<p>14:00 oTTo - un tributo ai TOTO suona sul palco principale<\/p>\n\n\n\n<p>15:00 Cerimonia di premiazione<\/p>\n\n\n\n<p>17:00 Chiusura e partenza<\/p>\n\n\n\n<p>DJ Green Fish nel parco e DJ Nicodemus sul palco.<\/p>\n\n\n\n<p>Artisti e artigiani nel parco<\/p>\n\n\n\n<p>Verniciatura, gessatura, incisione, ecc. vengono eseguite in loco.<\/p>\n\n\n\n<p>Punto di ristoro per gli affamati e gli assetati.<\/p>\n\n\n\n<p>4 stuntman nella Stunt Arena.<\/p>\n\n\n\n<p>Parco giochi<\/p>\n\n\n\n<p>Caccia al tesoro<\/p>\n<\/div>","protected":false},"excerpt":{"rendered":"<p>Program \u2013 Custom Bike Show 09:00 \u00d6ppnar f\u00f6r utst\u00e4llare 10:00 \u00d6ppnar f\u00f6r bes\u00f6kare 13:00 Sista insl\u00e4pp f\u00f6r utst\u00e4llare 14:00 Sista chansen att r\u00f6sta \u201dPeoples Choice\u201d 14:00 oTTo &#8211; a tribute to TOTO spelar p\u00e5 stora scenen 15:00 Prisutdelning 17:00 Avslutning och avf\u00e4rd DJ Green Fish i parken och DJ Nicodemus p\u00e5 Scenen. Konstn\u00e4rer och hantverkare [&hellip;]<\/p>\n","protected":false},"author":1,"featured_media":0,"parent":0,"menu_order":0,"comment_status":"closed","ping_status":"closed","template":"","meta":{"greyd_block_editor_preview":[],"iawp_total_views":3743,"footnotes":""},"class_list":["post-39","page","type-page","status-publish","hentry"],"_links":{"self":[{"href":"https:\/\/2025.custombikeshow.se\/it\/wp-json\/wp\/v2\/pages\/39","targetHints":{"allow":["GET"]}}],"collection":[{"href":"https:\/\/2025.custombikeshow.se\/it\/wp-json\/wp\/v2\/pages"}],"about":[{"href":"https:\/\/2025.custombikeshow.se\/it\/wp-json\/wp\/v2\/types\/page"}],"author":[{"embeddable":true,"href":"https:\/\/2025.custombikeshow.se\/it\/wp-json\/wp\/v2\/users\/1"}],"replies":[{"embeddable":true,"href":"https:\/\/2025.custombikeshow.se\/it\/wp-json\/wp\/v2\/comments?post=39"}],"version-history":[{"count":17,"href":"https:\/\/2025.custombikeshow.se\/it\/wp-json\/wp\/v2\/pages\/39\/revisions"}],"predecessor-version":[{"id":5694,"href":"https:\/\/2025.custombikeshow.se\/it\/wp-json\/wp\/v2\/pages\/39\/revisions\/5694"}],"wp:attachment":[{"href":"https:\/\/2025.custombikeshow.se\/it\/wp-json\/wp\/v2\/media?parent=39"}],"curies":[{"name":"wp","href":"https:\/\/api.w.org\/{rel}","templated":true}]}}