{"id":5664,"date":"2025-06-07T09:07:55","date_gmt":"2025-06-07T07:07:55","guid":{"rendered":"https:\/\/2025.custombikeshow.se\/?page_id=5664"},"modified":"2025-06-07T11:31:45","modified_gmt":"2025-06-07T09:31:45","slug":"valokuva-arpajaiset","status":"publish","type":"page","link":"https:\/\/2025.custombikeshow.se\/fi\/valokuva-arpajaiset\/","title":{"rendered":"Valokuvien aarteenetsint\u00e4"},"content":{"rendered":"<div class=\"wp-block-group alignfull has-primary-accent-color has-primary-background-color has-text-color has-background has-link-color wp-elements-617665aec88f9d18d5f2d02397202a6c has-global-padding is-layout-constrained wp-block-group-is-layout-constrained\" style=\"min-height:70vh;padding-top:var(--wp--preset--spacing--large);padding-bottom:var(--wp--preset--spacing--large)\">\n<h1 class=\"wp-block-heading\">Valokuvien aarteenetsint\u00e4<\/h1>\n\n\n\n<p><strong>Tee n\u00e4in:<\/strong><\/p>\n\n\n\n<ul class=\"wp-block-list\">\n<li>Valokuvaa viisi erilaista kilpailukohdetta. \n<ul class=\"wp-block-list\">\n<li>Kopteri<\/li>\n\n\n\n<li>Twin-klubin j\u00e4sen<\/li>\n\n\n\n<li>Vene<\/li>\n\n\n\n<li>Lipputanko<\/li>\n<\/ul>\n<\/li>\n\n\n\n<li>Bonus\n<ul class=\"wp-block-list\">\n<li>stunt show <\/li>\n\n\n\n<li>sponsorisein\u00e4.<\/li>\n<\/ul>\n<\/li>\n\n\n\n<li>Mene infotelttaan ja n\u00e4yt\u00e4 kuvat.<\/li>\n<\/ul>\n\n\n\n<p>Onnea sinulle!<\/p>\n\n\n\n<figure class=\"wp-block-gallery has-nested-images columns-default is-cropped wp-block-gallery-1 is-layout-flex wp-block-gallery-is-layout-flex\">\n<figure class=\"wp-block-image size-large\"><img decoding=\"async\" width=\"768\" height=\"1024\" data-id=\"6076\" src=\"https:\/\/2025.custombikeshow.se\/wp-content\/uploads\/2025\/06\/IMG_5730-768x1024.jpeg\" alt=\"\" class=\"wp-image-6076\" srcset=\"https:\/\/2025.custombikeshow.se\/wp-content\/uploads\/2025\/06\/IMG_5730-768x1024.jpeg 768w, https:\/\/2025.custombikeshow.se\/wp-content\/uploads\/2025\/06\/IMG_5730-225x300.jpeg 225w, https:\/\/2025.custombikeshow.se\/wp-content\/uploads\/2025\/06\/IMG_5730-1152x1536.jpeg 1152w, https:\/\/2025.custombikeshow.se\/wp-content\/uploads\/2025\/06\/IMG_5730-scaled.jpeg 1200w, https:\/\/2025.custombikeshow.se\/wp-content\/uploads\/2025\/06\/IMG_5730-9x12.jpeg 9w\" sizes=\"(max-width: 768px) 100vw, 768px\" \/><\/figure>\n\n\n\n<figure class=\"wp-block-image size-large\"><img decoding=\"async\" width=\"768\" height=\"1024\" data-id=\"6053\" src=\"https:\/\/2025.custombikeshow.se\/wp-content\/uploads\/2025\/06\/17492855940005884382295458077242-768x1024.jpg\" alt=\"\" class=\"wp-image-6053\" srcset=\"https:\/\/2025.custombikeshow.se\/wp-content\/uploads\/2025\/06\/17492855940005884382295458077242-768x1024.jpg 768w, https:\/\/2025.custombikeshow.se\/wp-content\/uploads\/2025\/06\/17492855940005884382295458077242-225x300.jpg 225w, https:\/\/2025.custombikeshow.se\/wp-content\/uploads\/2025\/06\/17492855940005884382295458077242-1152x1536.jpg 1152w, https:\/\/2025.custombikeshow.se\/wp-content\/uploads\/2025\/06\/17492855940005884382295458077242-scaled.jpg 1200w, https:\/\/2025.custombikeshow.se\/wp-content\/uploads\/2025\/06\/17492855940005884382295458077242-9x12.jpg 9w\" sizes=\"(max-width: 768px) 100vw, 768px\" \/><\/figure>\n\n\n\n<figure class=\"wp-block-image size-large\"><img decoding=\"async\" width=\"766\" height=\"1024\" data-id=\"6219\" src=\"https:\/\/2025.custombikeshow.se\/wp-content\/uploads\/2025\/06\/IMG_5710-766x1024.jpeg\" alt=\"\" class=\"wp-image-6219\" srcset=\"https:\/\/2025.custombikeshow.se\/wp-content\/uploads\/2025\/06\/IMG_5710-766x1024.jpeg 766w, https:\/\/2025.custombikeshow.se\/wp-content\/uploads\/2025\/06\/IMG_5710-224x300.jpeg 224w, https:\/\/2025.custombikeshow.se\/wp-content\/uploads\/2025\/06\/IMG_5710-768x1027.jpeg 768w, https:\/\/2025.custombikeshow.se\/wp-content\/uploads\/2025\/06\/IMG_5710-1149x1536.jpeg 1149w, https:\/\/2025.custombikeshow.se\/wp-content\/uploads\/2025\/06\/IMG_5710-9x12.jpeg 9w, https:\/\/2025.custombikeshow.se\/wp-content\/uploads\/2025\/06\/IMG_5710.jpeg 1436w\" sizes=\"(max-width: 766px) 100vw, 766px\" \/><\/figure>\n<\/figure>\n<\/div>","protected":false},"excerpt":{"rendered":"<p>Fotoskattjakt G\u00f6r s\u00e5 h\u00e4r: Lycka till!<\/p>","protected":false},"author":1,"featured_media":0,"parent":0,"menu_order":0,"comment_status":"closed","ping_status":"closed","template":"","meta":{"greyd_block_editor_preview":[],"iawp_total_views":255,"footnotes":""},"class_list":["post-5664","page","type-page","status-publish","hentry"],"_links":{"self":[{"href":"https:\/\/2025.custombikeshow.se\/fi\/wp-json\/wp\/v2\/pages\/5664","targetHints":{"allow":["GET"]}}],"collection":[{"href":"https:\/\/2025.custombikeshow.se\/fi\/wp-json\/wp\/v2\/pages"}],"about":[{"href":"https:\/\/2025.custombikeshow.se\/fi\/wp-json\/wp\/v2\/types\/page"}],"author":[{"embeddable":true,"href":"https:\/\/2025.custombikeshow.se\/fi\/wp-json\/wp\/v2\/users\/1"}],"replies":[{"embeddable":true,"href":"https:\/\/2025.custombikeshow.se\/fi\/wp-json\/wp\/v2\/comments?post=5664"}],"version-history":[{"count":8,"href":"https:\/\/2025.custombikeshow.se\/fi\/wp-json\/wp\/v2\/pages\/5664\/revisions"}],"predecessor-version":[{"id":6220,"href":"https:\/\/2025.custombikeshow.se\/fi\/wp-json\/wp\/v2\/pages\/5664\/revisions\/6220"}],"wp:attachment":[{"href":"https:\/\/2025.custombikeshow.se\/fi\/wp-json\/wp\/v2\/media?parent=5664"}],"curies":[{"name":"wp","href":"https:\/\/api.w.org\/{rel}","templated":true}]}}