{"id":41,"date":"2022-04-08T09:12:04","date_gmt":"2022-04-08T07:12:04","guid":{"rendered":"https:\/\/2025.custombikeshow.se\/?page_id=41"},"modified":"2025-06-07T10:04:49","modified_gmt":"2025-06-07T08:04:49","slug":"tiedustelut","status":"publish","type":"page","link":"https:\/\/2025.custombikeshow.se\/fi\/tiedustelut\/","title":{"rendered":"FAQ"},"content":{"rendered":"<div class=\"wp-block-group alignfull has-primary-background-color has-background has-global-padding is-layout-constrained wp-block-group-is-layout-constrained\">\n<h1 class=\"wp-block-heading\">FAQ<\/h1>\n\n\n\n<h2 class=\"wp-block-heading\"><strong>Mit\u00e4 t\u00e4m\u00e4 on?<\/strong><\/h2>\n\n\n\n<p><strong>T\u00c4M\u00c4 ON CUSTOM BIKE SHOW'N DIGITAALINEN OSA.<\/strong><\/p>\n\n\n\n<p>Kes\u00e4kuun ensimm\u00e4isen\u00e4 lauantaina j\u00e4rjestet\u00e4\u00e4n Norrt\u00e4ljen Societetetsparkenissa Custom Bike Show, jossa on paljon hienoja moottoripy\u00f6ri\u00e4 ja tuhansia k\u00e4vij\u00f6it\u00e4.<\/p>\n\n\n\n<p>T\u00e4\u00e4lt\u00e4 voit seurata p\u00e4iv\u00e4\u00e4 virtuaalisesti n\u00e4ytteill\u00e4 olevien moottoripy\u00f6rien kuvien avulla ja tarkistaa, kuka meit\u00e4 tukee.<\/p>\n\n\n\n<p>Custom Bike Show'n j\u00e4rjest\u00e4\u00e4 Twin Club Mc, yksi Ruotsin vanhimmista moottoripy\u00f6r\u00e4kerhoista.<\/p>\n\n\n<div id=\"rank-math-faq\" class=\"rank-math-block\">\n<div class=\"rank-math-list\">\n<div id=\"faq-question-1749209178524\" class=\"rank-math-list-item\">\n<h3 class=\"rank-math-question\">Miten rekister\u00f6idyn?<\/h3>\n<div class=\"rank-math-answer\">\n\n<p>Kun saavut Societetetsparkeniin, seuraa \"N\u00e4ytteilleasettaja\"-viittoja puistoon. Sis\u00e4\u00e4nk\u00e4ynnill\u00e4 Marlon &amp; Co luokittelee py\u00f6r\u00e4si. Seuraa sitten ohjeita ja aja alueelle, jossa \"luokkasi\" sijaitsee. Siell\u00e4 rekister\u00f6idyt ja saat numerolapun py\u00f6r\u00e4\u00e4si.<br \/>\u00a0<br \/>Py\u00f6r\u00e4st\u00e4, omistajasta ja sijainnista annetut tiedot julkaistaan. Antamiasi yhteystietoja (jotta voimme tavoittaa sinut) ei julkaista.<\/p>\n\n<\/div>\n<\/div>\n<div id=\"faq-question-1749209223071\" class=\"rank-math-list-item\">\n<h3 class=\"rank-math-question\">Minulla on useita moottoripy\u00f6ri\u00e4, jotka haluan rekister\u00f6id\u00e4, miten teen sen?<\/h3>\n<div class=\"rank-math-answer\">\n\n<p>Ei se mit\u00e4\u00e4n, kunhan ajat moottoripy\u00f6r\u00e4ll\u00e4, voit ottaa niin monta kuin haluat.<br \/>Milloin on viimeinen mahdollisuus ilmoittautua?<\/p>\n\n<\/div>\n<\/div>\n<div id=\"faq-question-1749209374779\" class=\"rank-math-list-item\">\n<h3 class=\"rank-math-question\">Milloin on viimeinen mahdollisuus ilmoittautua?<\/h3>\n<div class=\"rank-math-answer\">\n\n<p>Ilmoittautuminen on avoinna lauantaina klo 9.00-13.00.<\/p>\n\n<\/div>\n<\/div>\n<div id=\"faq-question-1749209404529\" class=\"rank-math-list-item\">\n<h3 class=\"rank-math-question\">Kuka p\u00e4\u00e4tt\u00e4\u00e4, mihin luokkaan minut sijoitetaan?<\/h3>\n<div class=\"rank-math-answer\">\n\n<p>Sis\u00e4\u00e4nk\u00e4ynnill\u00e4 Marlon &amp; Co luokittelee py\u00f6r\u00e4si.<\/p>\n\n<\/div>\n<\/div>\n<div id=\"faq-question-1749209430079\" class=\"rank-math-list-item\">\n<h3 class=\"rank-math-question\">Kuinka kauan kuvia n\u00e4ytet\u00e4\u00e4n sivulla.<\/h3>\n<div class=\"rank-math-answer\">\n\n<p>Kuvat ovat saatavilla t\u00e4ll\u00e4 sivulla loppuvuoden ajan ja osoitteessa\u00a0<a href=\"https:\/\/www.custombikeshow.se\/\">https:\/\/www.custombikeshow.se\/<\/a>\u00a0sen j\u00e4lkeen ilman p\u00e4\u00e4ttymisp\u00e4iv\u00e4\u00e4.<\/p>\n\n<\/div>\n<\/div>\n<div id=\"faq-question-1749209470376\" class=\"rank-math-list-item\">\n<h3 class=\"rank-math-question\">Mit\u00e4 voit saada?<\/h3>\n<div class=\"rank-math-answer\">\n\n<p>Kunkin luokan voittajat saavat klassisen tinapokaalin ja jakavat my\u00f6s noin 400 000 kruunun arvoisen palkintop\u00f6yd\u00e4n ja diplomin.<\/p>\n\n<\/div>\n<\/div>\n<div id=\"faq-question-1749209575042\" class=\"rank-math-list-item\">\n<h3 class=\"rank-math-question\">Kuinka paljon n\u00e4yttely maksaa?<\/h3>\n<div class=\"rank-math-answer\">\n\n<p>N\u00e4yttelyyn osallistuminen on ilmaista. Maksat kuitenkin sis\u00e4\u00e4np\u00e4\u00e4symaksun kuten kaikki muutkin.<\/p>\n\n<\/div>\n<\/div>\n<div id=\"faq-question-1749209588694\" class=\"rank-math-list-item\">\n<h3 class=\"rank-math-question\">Miten \u00e4\u00e4nest\u00e4n?<\/h3>\n<div class=\"rank-math-answer\">\n\n<p>Vierailijana t\u00e4yt\u00e4 ohjelmalehdess\u00e4 olevaan \u00e4\u00e4nestyslippuun nimesi, yhteystietosi ja suosikkimoottoripy\u00f6r\u00e4si numero. Leikkaa se irti ja laita se yhteen keltaisista \u00e4\u00e4nestyslaatikoista, joita on saatavilla paikan p\u00e4\u00e4ll\u00e4.<\/p>\n<p>N\u00e4ytteilleasettajana voit \u00e4\u00e4nest\u00e4\u00e4 suosikkimoottoripy\u00f6r\u00e4\u00e4si kussakin luokassa. Saat \u00e4\u00e4nestyslipun ilmoittautumisen yhteydess\u00e4. T\u00e4yt\u00e4 se ja laita se johonkin puiston alueella olevista keltaisista \u00e4\u00e4nestyslaatikoista.<\/p>\n\n<\/div>\n<\/div>\n<div id=\"faq-question-1749209622343\" class=\"rank-math-list-item\">\n<h3 class=\"rank-math-question\">Mist\u00e4 tied\u00e4n, kuka voittaa?<\/h3>\n<div class=\"rank-math-answer\">\n\n<p>Voittajat julkistetaan puistossa j\u00e4rjestett\u00e4v\u00e4ss\u00e4 palkintoseremoniassa ja julkaistaan t\u00e4\u00e4ll\u00e4 ja osoitteessa\u00a0<a href=\"https:\/\/www.custombikeshow.se\/\">https:\/\/www.custombikeshow.se\/<\/a>\u00a0tavalliseen tapaan, kun n\u00e4yttely on valmis.<\/p>\n\n<\/div>\n<\/div>\n<div id=\"faq-question-1749209643959\" class=\"rank-math-list-item\">\n<h3 class=\"rank-math-question\">J\u00e4rjest\u00e4ttek\u00f6 juhlia iltaisin ennen ja j\u00e4lkeen n\u00e4yttelyn?<\/h3>\n<div class=\"rank-math-answer\">\n\n<p>Kyll\u00e4, sek\u00e4 perjantaina ett\u00e4 lauantaina on juhlat!<\/p>\n\n<\/div>\n<\/div>\n<\/div>\n<\/div><\/div>","protected":false},"excerpt":{"rendered":"<p>FAQ Vad \u00e4r detta? DETTA \u00c4R DEN DIGITALA DELEN AV CUSTOM BIKE SHOW. F\u00f6rsta l\u00f6rdag i juni \u00e4r det Custom Bike Show, i Societetsparken i Norrt\u00e4lje med massor av h\u00e4ftiga motorcyklar och tusentals bes\u00f6kare. H\u00e4r kan ni f\u00f6lja dagen virtuellt via bilder p\u00e5 utst\u00e4llda motorcyklar, kolla vilka som st\u00f6der oss. Custom Bike Show arrangeras av [&hellip;]<\/p>\n","protected":false},"author":1,"featured_media":0,"parent":0,"menu_order":0,"comment_status":"closed","ping_status":"closed","template":"","meta":{"greyd_block_editor_preview":[],"iawp_total_views":504,"footnotes":""},"class_list":["post-41","page","type-page","status-publish","hentry"],"_links":{"self":[{"href":"https:\/\/2025.custombikeshow.se\/fi\/wp-json\/wp\/v2\/pages\/41","targetHints":{"allow":["GET"]}}],"collection":[{"href":"https:\/\/2025.custombikeshow.se\/fi\/wp-json\/wp\/v2\/pages"}],"about":[{"href":"https:\/\/2025.custombikeshow.se\/fi\/wp-json\/wp\/v2\/types\/page"}],"author":[{"embeddable":true,"href":"https:\/\/2025.custombikeshow.se\/fi\/wp-json\/wp\/v2\/users\/1"}],"replies":[{"embeddable":true,"href":"https:\/\/2025.custombikeshow.se\/fi\/wp-json\/wp\/v2\/comments?post=41"}],"version-history":[{"count":50,"href":"https:\/\/2025.custombikeshow.se\/fi\/wp-json\/wp\/v2\/pages\/41\/revisions"}],"predecessor-version":[{"id":6174,"href":"https:\/\/2025.custombikeshow.se\/fi\/wp-json\/wp\/v2\/pages\/41\/revisions\/6174"}],"wp:attachment":[{"href":"https:\/\/2025.custombikeshow.se\/fi\/wp-json\/wp\/v2\/media?parent=41"}],"curies":[{"name":"wp","href":"https:\/\/api.w.org\/{rel}","templated":true}]}}