{"id":39,"date":"2022-04-08T09:12:02","date_gmt":"2022-04-08T07:12:02","guid":{"rendered":"https:\/\/2025.custombikeshow.se\/?page_id=39"},"modified":"2025-06-07T09:20:17","modified_gmt":"2025-06-07T07:20:17","slug":"ohjelma","status":"publish","type":"page","link":"https:\/\/2025.custombikeshow.se\/fi\/ohjelma\/","title":{"rendered":"Ohjelma"},"content":{"rendered":"<div class=\"wp-block-group alignfull has-primary-accent-color has-primary-background-color has-text-color has-background has-link-color wp-elements-50c8d318314b3406757b98e5c6b20f4d has-global-padding is-layout-constrained wp-block-group-is-layout-constrained\" style=\"padding-top:var(--wp--preset--spacing--x-large);padding-bottom:var(--wp--preset--spacing--x-large)\">\n<h1 class=\"wp-block-heading has-large-font-size\" id=\"program-custom-bike-show\">Ohjelma - Custom Bike Show<\/h1>\n\n\n\n<p>09:00 N\u00e4ytteilleasettajien avaaminen<\/p>\n\n\n\n<p>10:00 Avaaminen vierailijoille<\/p>\n\n\n\n<p>13:00 Viimeinen sis\u00e4\u00e4np\u00e4\u00e4sy n\u00e4ytteilleasettajille<\/p>\n\n\n\n<p>14:00 Viimeinen tilaisuus \u00e4\u00e4nest\u00e4\u00e4 \"Kansan valinta\".<\/p>\n\n\n\n<p>14:00 oTTo - kunnianosoitus TOTOlle soi p\u00e4\u00e4lavalla.<\/p>\n\n\n\n<p>15:00 Palkintojenjakotilaisuus<\/p>\n\n\n\n<p>17:00 Sulkeminen ja l\u00e4ht\u00f6<\/p>\n\n\n\n<p>DJ Green Fish puistossa ja DJ Nicodemus lavalla.<\/p>\n\n\n\n<p>Taiteilijoita ja k\u00e4sity\u00f6l\u00e4isi\u00e4 puistossa<\/p>\n\n\n\n<p>Maalaus, naulakkopainatus, kaiverrus jne. tehd\u00e4\u00e4n paikan p\u00e4\u00e4ll\u00e4.<\/p>\n\n\n\n<p>Ruokapaikka n\u00e4lk\u00e4isille ja janoisille.<\/p>\n\n\n\n<p>4 stunt-esiintyj\u00e4\u00e4 Stunt-areenalla.<\/p>\n\n\n\n<p>Leikkipaikka<\/p>\n\n\n\n<p>Aarteenetsint\u00e4<\/p>\n<\/div>","protected":false},"excerpt":{"rendered":"<p>Program \u2013 Custom Bike Show 09:00 \u00d6ppnar f\u00f6r utst\u00e4llare 10:00 \u00d6ppnar f\u00f6r bes\u00f6kare 13:00 Sista insl\u00e4pp f\u00f6r utst\u00e4llare 14:00 Sista chansen att r\u00f6sta \u201dPeoples Choice\u201d 14:00 oTTo &#8211; a tribute to TOTO spelar p\u00e5 stora scenen 15:00 Prisutdelning 17:00 Avslutning och avf\u00e4rd DJ Green Fish i parken och DJ Nicodemus p\u00e5 Scenen. Konstn\u00e4rer och hantverkare [&hellip;]<\/p>\n","protected":false},"author":1,"featured_media":0,"parent":0,"menu_order":0,"comment_status":"closed","ping_status":"closed","template":"","meta":{"greyd_block_editor_preview":[],"iawp_total_views":3743,"footnotes":""},"class_list":["post-39","page","type-page","status-publish","hentry"],"_links":{"self":[{"href":"https:\/\/2025.custombikeshow.se\/fi\/wp-json\/wp\/v2\/pages\/39","targetHints":{"allow":["GET"]}}],"collection":[{"href":"https:\/\/2025.custombikeshow.se\/fi\/wp-json\/wp\/v2\/pages"}],"about":[{"href":"https:\/\/2025.custombikeshow.se\/fi\/wp-json\/wp\/v2\/types\/page"}],"author":[{"embeddable":true,"href":"https:\/\/2025.custombikeshow.se\/fi\/wp-json\/wp\/v2\/users\/1"}],"replies":[{"embeddable":true,"href":"https:\/\/2025.custombikeshow.se\/fi\/wp-json\/wp\/v2\/comments?post=39"}],"version-history":[{"count":17,"href":"https:\/\/2025.custombikeshow.se\/fi\/wp-json\/wp\/v2\/pages\/39\/revisions"}],"predecessor-version":[{"id":5694,"href":"https:\/\/2025.custombikeshow.se\/fi\/wp-json\/wp\/v2\/pages\/39\/revisions\/5694"}],"wp:attachment":[{"href":"https:\/\/2025.custombikeshow.se\/fi\/wp-json\/wp\/v2\/media?parent=39"}],"curies":[{"name":"wp","href":"https:\/\/api.w.org\/{rel}","templated":true}]}}