{"id":3592,"date":"2024-05-07T09:53:19","date_gmt":"2024-05-07T07:53:19","guid":{"rendered":"https:\/\/2025.custombikeshow.se\/?page_id=3592"},"modified":"2024-06-01T11:16:43","modified_gmt":"2024-06-01T09:16:43","slug":"moottoripyorat-2","status":"publish","type":"page","link":"https:\/\/2025.custombikeshow.se\/fi\/moottoripyorat-2\/","title":{"rendered":"Moottoripy\u00f6r\u00e4t"},"content":{"rendered":"<h1 class=\"gb-headline gb-headline-33fc4427 gb-headline-text\">MOOTTORIPY\u00d6R\u00c4T LUOKITTAIN<\/h1>\n\n\n\n<p class=\"gb-headline gb-headline-6be5b05f gb-headline-text\">25 KAPPALETTA ILMESTYY SATUNNAISESTI, KLIKKAA UUDELLEEN N\u00c4HD\u00c4KSESI 25 MUUTA...<\/p>\n\n\n\n\n\n\n\n\n\n\n<a class=\"gb-button gb-button-6b5924c1 gb-button-text\" href=\"https:\/\/2025.custombikeshow.se\/fi\/moottoripyorat-numerojarjestyksessa\/\">MOOTTORIPY\u00d6R\u00c4T NUMEROJ\u00c4RJESTYKSESS\u00c4<\/a>","protected":false},"excerpt":{"rendered":"","protected":false},"author":1,"featured_media":0,"parent":0,"menu_order":0,"comment_status":"closed","ping_status":"closed","template":"","meta":{"greyd_block_editor_preview":[],"iawp_total_views":1639,"footnotes":""},"class_list":["post-3592","page","type-page","status-publish","hentry"],"_links":{"self":[{"href":"https:\/\/2025.custombikeshow.se\/fi\/wp-json\/wp\/v2\/pages\/3592","targetHints":{"allow":["GET"]}}],"collection":[{"href":"https:\/\/2025.custombikeshow.se\/fi\/wp-json\/wp\/v2\/pages"}],"about":[{"href":"https:\/\/2025.custombikeshow.se\/fi\/wp-json\/wp\/v2\/types\/page"}],"author":[{"embeddable":true,"href":"https:\/\/2025.custombikeshow.se\/fi\/wp-json\/wp\/v2\/users\/1"}],"replies":[{"embeddable":true,"href":"https:\/\/2025.custombikeshow.se\/fi\/wp-json\/wp\/v2\/comments?post=3592"}],"version-history":[{"count":52,"href":"https:\/\/2025.custombikeshow.se\/fi\/wp-json\/wp\/v2\/pages\/3592\/revisions"}],"predecessor-version":[{"id":4657,"href":"https:\/\/2025.custombikeshow.se\/fi\/wp-json\/wp\/v2\/pages\/3592\/revisions\/4657"}],"wp:attachment":[{"href":"https:\/\/2025.custombikeshow.se\/fi\/wp-json\/wp\/v2\/media?parent=3592"}],"curies":[{"name":"wp","href":"https:\/\/api.w.org\/{rel}","templated":true}]}}