{"id":2117,"date":"2023-05-30T11:16:35","date_gmt":"2023-05-30T09:16:35","guid":{"rendered":"https:\/\/2025.custombikeshow.se\/?page_id=2117"},"modified":"2025-06-07T14:00:16","modified_gmt":"2025-06-07T12:00:16","slug":"jury-custom-bike-show-2025-stockholm","status":"publish","type":"page","link":"https:\/\/2025.custombikeshow.se\/fi\/jury-custom-bike-show-2025-stockholm\/","title":{"rendered":"Tuomaristo Custom Bike Show 2025"},"content":{"rendered":"<div class=\"wp-block-group alignfull has-primary-background-color has-background has-global-padding is-layout-constrained wp-block-group-is-layout-constrained\" style=\"padding-top:var(--wp--preset--spacing--large);padding-bottom:var(--wp--preset--spacing--large)\">\n<h2 class=\"wp-block-heading\">Tuomaristo Custom Bike Show 2025<\/h2>\n\n\n\n<div class=\"wp-block-cover is-light\"><img decoding=\"async\" width=\"1024\" height=\"768\" class=\"wp-block-cover__image-background wp-image-6070 size-large\" alt=\"\" src=\"https:\/\/2025.custombikeshow.se\/wp-content\/uploads\/2025\/06\/IMG_5728-1024x768.jpeg\" data-object-fit=\"cover\" srcset=\"https:\/\/2025.custombikeshow.se\/wp-content\/uploads\/2025\/06\/IMG_5728-1024x768.jpeg 1024w, https:\/\/2025.custombikeshow.se\/wp-content\/uploads\/2025\/06\/IMG_5728-300x225.jpeg 300w, https:\/\/2025.custombikeshow.se\/wp-content\/uploads\/2025\/06\/IMG_5728-768x576.jpeg 768w, https:\/\/2025.custombikeshow.se\/wp-content\/uploads\/2025\/06\/IMG_5728-1536x1152.jpeg 1536w, https:\/\/2025.custombikeshow.se\/wp-content\/uploads\/2025\/06\/IMG_5728-scaled.jpeg 1600w, https:\/\/2025.custombikeshow.se\/wp-content\/uploads\/2025\/06\/IMG_5728-16x12.jpeg 16w\" sizes=\"(max-width: 1024px) 100vw, 1024px\" \/><span aria-hidden=\"true\" class=\"wp-block-cover__background has-background-dim-10 has-background-dim\" style=\"background-color:#a27572\"><\/span><div class=\"wp-block-cover__inner-container has-global-padding is-layout-constrained wp-block-cover-is-layout-constrained\">\n<p class=\"has-text-align-center has-large-font-size\"><\/p>\n<\/div><\/div>\n\n\n\n<div class=\"wp-block-group is-nowrap is-layout-flex wp-container-core-group-is-layout-6c531013 wp-block-group-is-layout-flex\">\n<div class=\"wp-block-columns is-layout-flex wp-container-core-columns-is-layout-28f84493 wp-block-columns-is-layout-flex\">\n<div class=\"wp-block-column col-12 col-sm-auto is-layout-flow wp-block-column-is-layout-flow\" style=\"flex-basis:66.66%;width:66.66%\">\n<figure class=\"wp-block-image size-large\"><img decoding=\"async\" width=\"768\" height=\"1024\" src=\"https:\/\/2025.custombikeshow.se\/wp-content\/uploads\/2025\/06\/IMG_5731-768x1024.jpeg\" alt=\"\" class=\"wp-image-6080\" style=\"aspect-ratio:1;object-fit:cover\" srcset=\"https:\/\/2025.custombikeshow.se\/wp-content\/uploads\/2025\/06\/IMG_5731-768x1024.jpeg 768w, https:\/\/2025.custombikeshow.se\/wp-content\/uploads\/2025\/06\/IMG_5731-225x300.jpeg 225w, https:\/\/2025.custombikeshow.se\/wp-content\/uploads\/2025\/06\/IMG_5731-1152x1536.jpeg 1152w, https:\/\/2025.custombikeshow.se\/wp-content\/uploads\/2025\/06\/IMG_5731-scaled.jpeg 1200w, https:\/\/2025.custombikeshow.se\/wp-content\/uploads\/2025\/06\/IMG_5731-9x12.jpeg 9w\" sizes=\"(max-width: 768px) 100vw, 768px\" \/><\/figure>\n\n\n\n<p>Micke Schultz, Tukholma<\/p>\n<\/div>\n\n\n\n<div class=\"wp-block-column col-12 col-sm-auto is-layout-flow wp-block-column-is-layout-flow\" style=\"flex-basis:33.33%;width:33.33%\">\n<figure class=\"wp-block-image size-large\"><img decoding=\"async\" width=\"768\" height=\"1024\" src=\"https:\/\/2025.custombikeshow.se\/wp-content\/uploads\/2025\/06\/IMG_5730-768x1024.jpeg\" alt=\"\" class=\"wp-image-6076\" style=\"aspect-ratio:1;object-fit:cover\" srcset=\"https:\/\/2025.custombikeshow.se\/wp-content\/uploads\/2025\/06\/IMG_5730-768x1024.jpeg 768w, https:\/\/2025.custombikeshow.se\/wp-content\/uploads\/2025\/06\/IMG_5730-225x300.jpeg 225w, https:\/\/2025.custombikeshow.se\/wp-content\/uploads\/2025\/06\/IMG_5730-1152x1536.jpeg 1152w, https:\/\/2025.custombikeshow.se\/wp-content\/uploads\/2025\/06\/IMG_5730-scaled.jpeg 1200w, https:\/\/2025.custombikeshow.se\/wp-content\/uploads\/2025\/06\/IMG_5730-9x12.jpeg 9w\" sizes=\"(max-width: 768px) 100vw, 768px\" \/><\/figure>\n\n\n\n<p>Kenneth Holmberg, Twin Club Norrt\u00e4lje<\/p>\n<\/div>\n\n\n\n<div class=\"wp-block-column col-12 col-sm-auto is-layout-flow wp-block-column-is-layout-flow\" style=\"flex-basis:33.33%;width:33.33%\">\n<figure class=\"wp-block-image size-large\"><img decoding=\"async\" width=\"768\" height=\"1024\" src=\"https:\/\/2025.custombikeshow.se\/wp-content\/uploads\/2025\/06\/IMG_5732-768x1024.jpeg\" alt=\"\" class=\"wp-image-6079\" style=\"aspect-ratio:1;object-fit:cover\" srcset=\"https:\/\/2025.custombikeshow.se\/wp-content\/uploads\/2025\/06\/IMG_5732-768x1024.jpeg 768w, https:\/\/2025.custombikeshow.se\/wp-content\/uploads\/2025\/06\/IMG_5732-225x300.jpeg 225w, https:\/\/2025.custombikeshow.se\/wp-content\/uploads\/2025\/06\/IMG_5732-1152x1536.jpeg 1152w, https:\/\/2025.custombikeshow.se\/wp-content\/uploads\/2025\/06\/IMG_5732-scaled.jpeg 1200w, https:\/\/2025.custombikeshow.se\/wp-content\/uploads\/2025\/06\/IMG_5732-9x12.jpeg 9w\" sizes=\"(max-width: 768px) 100vw, 768px\" \/><\/figure>\n\n\n\n<p>Roffe Johansson, Tukholma<\/p>\n<\/div>\n\n\n\n<div class=\"wp-block-column col-12 col-sm-auto is-layout-flow wp-block-column-is-layout-flow\" style=\"flex-basis:33.33%;width:33.33%\">\n<figure class=\"wp-block-image size-large\"><img decoding=\"async\" width=\"768\" height=\"1024\" src=\"https:\/\/2025.custombikeshow.se\/wp-content\/uploads\/2025\/06\/IMG_5733-768x1024.jpeg\" alt=\"\" class=\"wp-image-6078\" style=\"aspect-ratio:1;object-fit:cover\" srcset=\"https:\/\/2025.custombikeshow.se\/wp-content\/uploads\/2025\/06\/IMG_5733-768x1024.jpeg 768w, https:\/\/2025.custombikeshow.se\/wp-content\/uploads\/2025\/06\/IMG_5733-225x300.jpeg 225w, https:\/\/2025.custombikeshow.se\/wp-content\/uploads\/2025\/06\/IMG_5733-1152x1536.jpeg 1152w, https:\/\/2025.custombikeshow.se\/wp-content\/uploads\/2025\/06\/IMG_5733-scaled.jpeg 1200w, https:\/\/2025.custombikeshow.se\/wp-content\/uploads\/2025\/06\/IMG_5733-9x12.jpeg 9w\" sizes=\"(max-width: 768px) 100vw, 768px\" \/><\/figure>\n\n\n\n<p>Richard Larsson, Tukholma<\/p>\n<\/div>\n\n\n\n<div class=\"wp-block-column col-12 col-sm-auto is-layout-flow wp-block-column-is-layout-flow\" style=\"flex-basis:33.33%;width:33.33%\">\n<figure class=\"wp-block-image size-large\"><img decoding=\"async\" width=\"768\" height=\"1024\" src=\"https:\/\/2025.custombikeshow.se\/wp-content\/uploads\/2025\/06\/IMG_5734-768x1024.jpeg\" alt=\"\" class=\"wp-image-6077\" style=\"aspect-ratio:1;object-fit:cover\" srcset=\"https:\/\/2025.custombikeshow.se\/wp-content\/uploads\/2025\/06\/IMG_5734-768x1024.jpeg 768w, https:\/\/2025.custombikeshow.se\/wp-content\/uploads\/2025\/06\/IMG_5734-225x300.jpeg 225w, https:\/\/2025.custombikeshow.se\/wp-content\/uploads\/2025\/06\/IMG_5734-1152x1536.jpeg 1152w, https:\/\/2025.custombikeshow.se\/wp-content\/uploads\/2025\/06\/IMG_5734-scaled.jpeg 1200w, https:\/\/2025.custombikeshow.se\/wp-content\/uploads\/2025\/06\/IMG_5734-9x12.jpeg 9w\" sizes=\"(max-width: 768px) 100vw, 768px\" \/><\/figure>\n\n\n\n<p>Marcus Loman, Twin Club Norrt\u00e4lje<\/p>\n<\/div>\n<\/div>\n<\/div>\n\n\n\n<p><strong>Custom Bike Show 2025<\/strong> odotetaan olevan yksi vuoden odotetuimmista tapahtumista custom-moottoripy\u00f6r\u00e4maailmassa. Tapahtuma j\u00e4rjestet\u00e4\u00e4n Norrt\u00e4ljen vilkkaassa kaupungissa, ja se kokoaa yhteen harrastajia, rakentajia ja faneja kaikkialta maailmasta juhlistamaan custom-moottoripy\u00f6rien rakentamisen taidetta. K\u00e4vij\u00e4t voivat odottaa n\u00e4yttely\u00e4, joka on t\u00e4ynn\u00e4 ainutlaatuisia malleja, innovatiivista suunnittelua ja moottoripy\u00f6r\u00e4alan uusimpia trendej\u00e4. Odotukset kasvavat p\u00e4iv\u00e4m\u00e4\u00e4r\u00e4n l\u00e4hestyess\u00e4, ja monet odottavat innolla, mit\u00e4 luovia rakennelmia esitell\u00e4\u00e4n.<\/p>\n\n\n\n<p>Tavallisesti n\u00e4ytteilleasettajat \u00e4\u00e4nest\u00e4v\u00e4t voittajat itse. Tuomaristo tarjoaa vaihtoehdon ja valitsee kolme voittajaa \"Twin Club Jury Award\" -palkintoa varten luokkiin kuulumisesta riippumatta.<\/p>\n\n\n\n<p><\/p>\n\n\n\n<p><strong>Micke Schultz<\/strong>, Tukholmasta kotoisin oleva, moottoripy\u00f6r\u00e4maailmassa hyvin tunnettu profiili. H\u00e4n ajaa paljon ja on k\u00e4ynyt noin 20 tapahtumassa Euroopassa. Micken intohimo alkoi jo varhain, ja kun h\u00e4n ei aja, h\u00e4n on Pyssletiss\u00e4 ja luo metallitaidetta.<\/p>\n\n\n\n<p><strong>Kenneth Holmberg<\/strong>, joka edustaa Twin Club Norrt\u00e4lje\u00e4.<br>H\u00e4nen projektejaan on lukuisia, ja h\u00e4n edustaa Zodiacia my\u00f6s Pohjoismaissa.<br>SweComposite-yrityksens\u00e4 kanssa h\u00e4n on tunnettu nimi kilpa-autoilun maailmassa.<\/p>\n\n\n\n<p><strong>Roffe Johansson<\/strong>, my\u00f6s Tukholmasta, matkustaa my\u00f6s paljon ja kauas.<br>H\u00e4net voi tavallisesti n\u00e4hd\u00e4 yrityksess\u00e4\u00e4n The Part Stop ja nyt my\u00f6s Ace performance.<\/p>\n\n\n\n<p><strong>Richard Larsson<\/strong>toinen keskeinen osallistuja Tukholmasta. Richard on taitava ja huolellinen kopterin rakentaja. Muuten h\u00e4net l\u00f6yt\u00e4\u00e4 mets\u00e4st\u00e4 tai j\u00e4rvelt\u00e4 onki tai ase k\u00e4dess\u00e4.<\/p>\n\n\n\n<p><strong>Marcus Loman<\/strong>, joka edustaa Twin Club Norrt\u00e4lje\u00e4 yhdess\u00e4 Kennethin kanssa, ovat lupaavia rakentajia, mutta t\u00e4ll\u00e4 hetkell\u00e4 perhe vie paljon tilaa.<\/p>\n\n\n\n<p><\/p>\n<\/div>","protected":false},"excerpt":{"rendered":"<p>Juryn Custom Bike Show 2025 Micke Schultz, Stockholm Kenneth Holmberg, Twin Club Norrt\u00e4lje Roffe Johansson, Stockholm Richard Larsson, Stockholm Marcus Loman, Twin Club Norrt\u00e4lje Custom Bike Show 2025 f\u00f6rv\u00e4ntas bli ett av \u00e5rets mest efterl\u00e4ngtade evenemang inom custom-motorcykelv\u00e4rlden. Evenemanget h\u00e5lls i den livfulla staden Norrt\u00e4lje och samlar entusiaster, byggare och fans fr\u00e5n hela v\u00e4rlden f\u00f6r [&hellip;]<\/p>\n","protected":false},"author":1,"featured_media":0,"parent":0,"menu_order":0,"comment_status":"closed","ping_status":"closed","template":"","meta":{"greyd_block_editor_preview":[],"iawp_total_views":462,"footnotes":""},"class_list":["post-2117","page","type-page","status-publish","hentry"],"_links":{"self":[{"href":"https:\/\/2025.custombikeshow.se\/fi\/wp-json\/wp\/v2\/pages\/2117","targetHints":{"allow":["GET"]}}],"collection":[{"href":"https:\/\/2025.custombikeshow.se\/fi\/wp-json\/wp\/v2\/pages"}],"about":[{"href":"https:\/\/2025.custombikeshow.se\/fi\/wp-json\/wp\/v2\/types\/page"}],"author":[{"embeddable":true,"href":"https:\/\/2025.custombikeshow.se\/fi\/wp-json\/wp\/v2\/users\/1"}],"replies":[{"embeddable":true,"href":"https:\/\/2025.custombikeshow.se\/fi\/wp-json\/wp\/v2\/comments?post=2117"}],"version-history":[{"count":65,"href":"https:\/\/2025.custombikeshow.se\/fi\/wp-json\/wp\/v2\/pages\/2117\/revisions"}],"predecessor-version":[{"id":6397,"href":"https:\/\/2025.custombikeshow.se\/fi\/wp-json\/wp\/v2\/pages\/2117\/revisions\/6397"}],"wp:attachment":[{"href":"https:\/\/2025.custombikeshow.se\/fi\/wp-json\/wp\/v2\/media?parent=2117"}],"curies":[{"name":"wp","href":"https:\/\/api.w.org\/{rel}","templated":true}]}}