{"id":5045,"date":"2024-06-01T14:44:49","date_gmt":"2024-06-01T12:44:49","guid":{"rendered":"https:\/\/2025.custombikeshow.se\/?page_id=5045"},"modified":"2024-06-14T12:13:44","modified_gmt":"2024-06-14T10:13:44","slug":"winner-2024","status":"publish","type":"page","link":"https:\/\/2025.custombikeshow.se\/en\/winner-2024\/","title":{"rendered":"Winners 2024"},"content":{"rendered":"<h1 class=\"gb-headline gb-headline-9e0a997f gb-headline-text\">Winners 2024<\/h1>\n\n\n\n\n<h2 class=\"gb-headline gb-headline-843b0baa gb-headline-text\">HD Chopper<\/h2>\n\n\n\n\n\n<figure class=\"gb-block-image gb-block-image-12a23730\"><img decoding=\"async\" class=\"gb-image gb-image-12a23730\" src=\"https:\/\/2025.custombikeshow.se\/wp-content\/uploads\/2024\/06\/inbound7652363369652564230-scaled.jpg\" alt=\"\" title=\"103\"\/><\/figure>\n\n\n\n<p class=\"gb-headline gb-headline-583caab6 gb-headline-text\">1st 103 Rezi Oulu Finland<\/p>\n\n\n\n\n\n<figure class=\"gb-block-image gb-block-image-90101c2b\"><img decoding=\"async\" class=\"gb-image gb-image-90101c2b\" src=\"https:\/\/2025.custombikeshow.se\/wp-content\/uploads\/2024\/06\/20240601_092420-scaled.jpg\" alt=\"\" title=\"106\"\/><\/figure>\n\n\n\n<p class=\"gb-headline gb-headline-614c5b18 gb-headline-text\">2nd 106 Ismo Keski-Korpi Vihni\u00e4 Finland<\/p>\n\n\n\n\n\n<figure class=\"gb-block-image gb-block-image-46c9fa2f\"><img decoding=\"async\" class=\"gb-image gb-image-46c9fa2f\" src=\"https:\/\/2025.custombikeshow.se\/wp-content\/uploads\/2024\/06\/20240601_101252-scaled.jpg\" alt=\"\" title=\"118\"\/><\/figure>\n\n\n\n<p class=\"gb-headline gb-headline-1698faf7 gb-headline-text\">3:a Eric Bostr\u00f6m Eker\u00f6<\/p>\n\n\n\n\n\n\n\n<h2 class=\"gb-headline gb-headline-00021c41 gb-headline-text\">Chopper<\/h2>\n\n\n\n\n\n<figure class=\"gb-block-image gb-block-image-c90d1d95\"><img decoding=\"async\" class=\"gb-image gb-image-c90d1d95\" src=\"https:\/\/2025.custombikeshow.se\/wp-content\/uploads\/2024\/06\/IMG_3036-scaled.jpeg\" alt=\"\" title=\"201\"\/><\/figure>\n\n\n\n<p class=\"gb-headline gb-headline-84c0c2f8 gb-headline-text\">1st 201 H\u00e5kan Lindberg Triumph 1946 Huddinge Sweden Aspes MC<\/p>\n\n\n\n\n\n<figure class=\"gb-block-image gb-block-image-f3b6fccb\"><img decoding=\"async\" class=\"gb-image gb-image-f3b6fccb\" src=\"https:\/\/2025.custombikeshow.se\/wp-content\/uploads\/2024\/06\/IMG_3047-scaled.jpeg\" alt=\"\" title=\"205\"\/><\/figure>\n\n\n\n<p class=\"gb-headline gb-headline-81e134b0 gb-headline-text\">2nd 205 Peter Forsberg Home Made Chopper G\u00e4vle<\/p>\n\n\n\n\n\n<figure class=\"gb-block-image gb-block-image-d2e58d5b\"><img decoding=\"async\" class=\"gb-image gb-image-d2e58d5b\" src=\"https:\/\/2025.custombikeshow.se\/wp-content\/uploads\/2024\/06\/IMG_3045-scaled.jpeg\" alt=\"\" title=\"202 CBS 2024\"\/><\/figure>\n\n\n\n<p class=\"gb-headline gb-headline-e34eb282 gb-headline-text\">3rd 202 Reinhard Stefansson Honda 750 Laholm Sweden H\u00f6ks<\/p>\n\n\n\n\n\n\n\n<h2 class=\"gb-headline gb-headline-62e63f40 gb-headline-text\">Custom<\/h2>\n\n\n\n\n\n<figure class=\"gb-block-image gb-block-image-c7d8f9a4\"><img decoding=\"async\" class=\"gb-image gb-image-c7d8f9a4\" src=\"https:\/\/2025.custombikeshow.se\/wp-content\/uploads\/2024\/06\/inbound2113476044486881435-scaled.jpg\" alt=\"\" title=\"300\"\/><\/figure>\n\n\n\n<p class=\"gb-headline gb-headline-fb475e3f gb-headline-text\">1st 300 Janne Juntunen Kajaani Finland<\/p>\n\n\n\n\n\n<figure class=\"gb-block-image gb-block-image-a72ba3d0\"><img decoding=\"async\" class=\"gb-image gb-image-a72ba3d0\" src=\"https:\/\/2025.custombikeshow.se\/wp-content\/uploads\/2024\/06\/IMG_20240601_111531-scaled.jpg\" alt=\"\" title=\"324\"\/><\/figure>\n\n\n\n<p class=\"gb-headline gb-headline-fce75586 gb-headline-text\">2nd 324 Kevin Alml\u00f6f HD J\u00e4rnsporster 1973<\/p>\n\n\n\n\n\n<figure class=\"gb-block-image gb-block-image-a05e9ac2\"><img decoding=\"async\" class=\"gb-image gb-image-a05e9ac2\" src=\"https:\/\/2025.custombikeshow.se\/wp-content\/uploads\/2024\/06\/IMG_20240601_104435-scaled.jpg\" alt=\"\" title=\"308 Triumph speedturn Kalle Nilsson Popeye Customs\"\/><\/figure>\n\n\n\n<p class=\"gb-headline gb-headline-b6c23639 gb-headline-text\">3:a 308 Kalle Nilsson Triumph Speed turn supercharger H\u00e4gersten Sweden Pop Eye Customs<\/p>\n\n\n\n\n\n\n\n<h2 class=\"gb-headline gb-headline-3694e34c gb-headline-text\">Racer<\/h2>\n\n\n\n\n\n<figure class=\"gb-block-image gb-block-image-25da378e\"><img decoding=\"async\" class=\"gb-image gb-image-25da378e\" src=\"https:\/\/2025.custombikeshow.se\/wp-content\/uploads\/2024\/06\/IMG_3029-scaled.jpeg\" alt=\"\" title=\"400\"\/><\/figure>\n\n\n\n<p class=\"gb-headline gb-headline-862c30fd gb-headline-text\">1st 400 Jukka \"Jiiha\" Haapala Mumbai Ripper Bullet Turku Finland<\/p>\n\n\n\n\n\n<figure class=\"gb-block-image gb-block-image-87ea8eea\"><img decoding=\"async\" class=\"gb-image gb-image-87ea8eea\" src=\"https:\/\/2025.custombikeshow.se\/wp-content\/uploads\/2024\/06\/20240601_155527-scaled.jpg\" alt=\"\" title=\"404 Anders H\u00e5kansson\"\/><\/figure>\n\n\n\n<p class=\"gb-headline gb-headline-64de826d gb-headline-text\">2nd 404 Anders H\u00e5kansson ISR \u00c5by Sweden \u00c5by MK<\/p>\n\n\n\n\n\n<figure class=\"gb-block-image gb-block-image-b3641b30\"><img decoding=\"async\" class=\"gb-image gb-image-b3641b30\" src=\"https:\/\/2025.custombikeshow.se\/wp-content\/uploads\/2024\/06\/IMG_3039-scaled.jpeg\" alt=\"\" title=\"407\"\/><\/figure>\n\n\n\n<p class=\"gb-headline gb-headline-3c5d5687 gb-headline-text\">3:a 407 Ronny Larsson Honda goldwing Falkenberg Garage 44<\/p>\n\n\n\n\n\n\n\n<h2 class=\"gb-headline gb-headline-8f8d2f46 gb-headline-text\">Classics<\/h2>\n\n\n\n\n\n<figure class=\"gb-block-image gb-block-image-eaa064ca\"><img decoding=\"async\" class=\"gb-image gb-image-eaa064ca\" src=\"https:\/\/2025.custombikeshow.se\/wp-content\/uploads\/2024\/06\/IMG_3052-scaled.jpeg\" alt=\"\" title=\"506\"\/><\/figure>\n\n\n\n<p class=\"gb-headline gb-headline-6645ee45 gb-headline-text\">1st 506 Mats Olofsson Brough Superior SS80 1925 Enskededalen TonUp Stockholm<\/p>\n\n\n\n\n\n<figure class=\"gb-block-image gb-block-image-c05a1330\"><img decoding=\"async\" class=\"gb-image gb-image-c05a1330\" src=\"https:\/\/2025.custombikeshow.se\/wp-content\/uploads\/2024\/06\/IMG_3058-scaled.jpeg\" alt=\"\" title=\"516\"\/><\/figure>\n\n\n\n<p class=\"gb-headline gb-headline-b01e43ca gb-headline-text\">2nd 516 Hans Candeborn Indian Chief -48 Norrt\u00e4lje SIS<\/p>\n\n\n\n\n\n<figure class=\"gb-block-image gb-block-image-11ca0305\"><img decoding=\"async\" class=\"gb-image gb-image-11ca0305\" src=\"https:\/\/2025.custombikeshow.se\/wp-content\/uploads\/2024\/06\/IMG_3093-scaled.jpeg\" alt=\"\" title=\"532\"\/><\/figure>\n\n\n\n<p class=\"gb-headline gb-headline-22ee45e6 gb-headline-text\">3rd 532 Kenth Nyberger HD Stockholm Sweden<\/p>\n\n\n\n\n\n\n\n<h2 class=\"gb-headline gb-headline-803a3d87 gb-headline-text\">Modified Std<\/h2>\n\n\n\n\n\n<figure class=\"gb-block-image gb-block-image-3c1dbcd3\"><img decoding=\"async\" class=\"gb-image gb-image-3c1dbcd3\" src=\"https:\/\/2025.custombikeshow.se\/wp-content\/uploads\/2024\/06\/IMG_20240601_095629-scaled.jpg\" alt=\"\" title=\"617 Petteri Heinonen Harley WLA J\u00e4ms\u00e4nkoski Finland\"\/><\/figure>\n\n\n\n<p class=\"gb-headline gb-headline-4b7603e5 gb-headline-text\">1st 617 Petteri Heinonen Harley WLA J\u00e4ms\u00e4nkoski Finland<\/p>\n\n\n\n\n\n<figure class=\"gb-block-image gb-block-image-b38e7142\"><img decoding=\"async\" class=\"gb-image gb-image-b38e7142\" src=\"https:\/\/2025.custombikeshow.se\/wp-content\/uploads\/2024\/06\/IMG_20240601_100524-scaled.jpg\" alt=\"\" title=\"612 Niclas Edmark HD Swluxe Bandhagen\"\/><\/figure>\n\n\n\n<p class=\"gb-headline gb-headline-18066e5d gb-headline-text\">2nd 612 Niclas Edmark HD Swluxe Bandhagen <\/p>\n\n\n\n\n\n<figure class=\"gb-block-image gb-block-image-2799adbf\"><img decoding=\"async\" class=\"gb-image gb-image-2799adbf\" src=\"https:\/\/2025.custombikeshow.se\/wp-content\/uploads\/2024\/06\/IMG_3110-scaled.jpeg\" alt=\"\" title=\"621 Benke Eriksson HD 1520 Early Shovel Sweden\"\/><\/figure>\n\n\n\n<p class=\"gb-headline gb-headline-341d1427 gb-headline-text\">3rd 621 Benke Eriksson HD Stockholm Ekens Gasser<\/p>\n\n\n\n\n\n\n\n<h2 class=\"gb-headline gb-headline-ebe10857 gb-headline-text\">Jury award<\/h2>\n\n\n\n\n\n<figure class=\"gb-block-image gb-block-image-0bf2a2f2\"><img decoding=\"async\" class=\"gb-image gb-image-0bf2a2f2\" src=\"https:\/\/2025.custombikeshow.se\/wp-content\/uploads\/2024\/06\/inbound7652363369652564230-scaled.jpg\" alt=\"\" title=\"103\"\/><\/figure>\n\n\n\n<p class=\"gb-headline gb-headline-3677d2d5 gb-headline-text\">1st 103 Rezi Oulu Finland<\/p>\n\n\n\n\n\n<figure class=\"gb-block-image gb-block-image-f05d05ad\"><img decoding=\"async\" class=\"gb-image gb-image-f05d05ad\" src=\"https:\/\/2025.custombikeshow.se\/wp-content\/uploads\/2024\/06\/20240601_092420-scaled.jpg\" alt=\"\" title=\"106\"\/><\/figure>\n\n\n\n<p class=\"gb-headline gb-headline-00f47995 gb-headline-text\">2nd 106 Ismo Keski-Korpi Vihni\u00e4 Finland<\/p>\n\n\n\n\n\n<figure class=\"gb-block-image gb-block-image-996231ce\"><img decoding=\"async\" class=\"gb-image gb-image-996231ce\" src=\"https:\/\/2025.custombikeshow.se\/wp-content\/uploads\/2024\/06\/IMG_20240601_104435-scaled.jpg\" alt=\"\" title=\"308 Triumph speedturn Kalle Nilsson Popeye Customs\"\/><\/figure>\n\n\n\n<p class=\"gb-headline gb-headline-f6e113a3 gb-headline-text\">3:a 308 Kalle Nilsson Triumph Speed turn supercharger H\u00e4gersten Sweden Pop Eye Customs<\/p>\n\n\n\n\n\n\n\n<h2 class=\"gb-headline gb-headline-58b45bc8 gb-headline-text\">Best varnish<\/h2>\n\n\n\n\n<figure class=\"gb-block-image gb-block-image-77d799d9\"><img decoding=\"async\" class=\"gb-image gb-image-77d799d9\" src=\"https:\/\/2025.custombikeshow.se\/wp-content\/uploads\/2024\/06\/IMG_3036-scaled.jpeg\" alt=\"\" title=\"201\"\/><\/figure>\n\n\n\n<p class=\"gb-headline gb-headline-96f2cf6c gb-headline-text\">1st 201 H\u00e5kan Lindberg Triumph 1946 Huddinge Sweden Aspergers MC<\/p>\n\n\n\n\n\n\n<h2 class=\"gb-headline gb-headline-4d5fc0cd gb-headline-text\">Peoples Choice<\/h2>\n\n\n\n\n<figure class=\"gb-block-image gb-block-image-b537064f\"><img decoding=\"async\" class=\"gb-image gb-image-b537064f\" src=\"https:\/\/2025.custombikeshow.se\/wp-content\/uploads\/2024\/06\/IMG_3047-scaled.jpeg\" alt=\"\" title=\"205\"\/><\/figure>\n\n\n\n<p class=\"gb-headline gb-headline-1047539f gb-headline-text\">1st 205 Peter Forsberg Home Made Chopper G\u00e4vle<\/p>","protected":false},"excerpt":{"rendered":"","protected":false},"author":1,"featured_media":0,"parent":0,"menu_order":0,"comment_status":"closed","ping_status":"closed","template":"","meta":{"greyd_block_editor_preview":[],"iawp_total_views":1459,"footnotes":""},"class_list":["post-5045","page","type-page","status-publish","hentry"],"_links":{"self":[{"href":"https:\/\/2025.custombikeshow.se\/en\/wp-json\/wp\/v2\/pages\/5045","targetHints":{"allow":["GET"]}}],"collection":[{"href":"https:\/\/2025.custombikeshow.se\/en\/wp-json\/wp\/v2\/pages"}],"about":[{"href":"https:\/\/2025.custombikeshow.se\/en\/wp-json\/wp\/v2\/types\/page"}],"author":[{"embeddable":true,"href":"https:\/\/2025.custombikeshow.se\/en\/wp-json\/wp\/v2\/users\/1"}],"replies":[{"embeddable":true,"href":"https:\/\/2025.custombikeshow.se\/en\/wp-json\/wp\/v2\/comments?post=5045"}],"version-history":[{"count":43,"href":"https:\/\/2025.custombikeshow.se\/en\/wp-json\/wp\/v2\/pages\/5045\/revisions"}],"predecessor-version":[{"id":5148,"href":"https:\/\/2025.custombikeshow.se\/en\/wp-json\/wp\/v2\/pages\/5045\/revisions\/5148"}],"wp:attachment":[{"href":"https:\/\/2025.custombikeshow.se\/en\/wp-json\/wp\/v2\/media?parent=5045"}],"curies":[{"name":"wp","href":"https:\/\/api.w.org\/{rel}","templated":true}]}}