{"id":41,"date":"2022-04-08T09:12:04","date_gmt":"2022-04-08T07:12:04","guid":{"rendered":"https:\/\/2025.custombikeshow.se\/?page_id=41"},"modified":"2025-06-07T10:04:49","modified_gmt":"2025-06-07T08:04:49","slug":"faq","status":"publish","type":"page","link":"https:\/\/2025.custombikeshow.se\/en\/faq\/","title":{"rendered":"FAQ"},"content":{"rendered":"<div class=\"wp-block-group alignfull has-primary-background-color has-background has-global-padding is-layout-constrained wp-block-group-is-layout-constrained\">\n<h1 class=\"wp-block-heading\">FAQ<\/h1>\n\n\n\n<h2 class=\"wp-block-heading\"><strong>What is this?<\/strong><\/h2>\n\n\n\n<p><strong>THIS IS THE DIGITAL PART OF THE CUSTOM BIKE SHOW.<\/strong><\/p>\n\n\n\n<p>The first Saturday in June is the Custom Bike Show, in Societetetsparken in Norrt\u00e4lje with lots of cool motorcycles and thousands of visitors.<\/p>\n\n\n\n<p>Here you can follow the day virtually via pictures of the motorcycles on display, check out who is supporting us.<\/p>\n\n\n\n<p>The Custom Bike Show is organized by Twin Club Mc, which is one of the oldest motorcycle clubs in Sweden.<\/p>\n\n\n<div id=\"rank-math-faq\" class=\"rank-math-block\">\n<div class=\"rank-math-list\">\n<div id=\"faq-question-1749209178524\" class=\"rank-math-list-item\">\n<h3 class=\"rank-math-question\">How do I register?<\/h3>\n<div class=\"rank-math-answer\">\n\n<p>When you arrive at Societetetsparken, follow the \"Exhibitor\" signs into the park. At the entrance, Marlon &amp; Co will classify your bike. Then follow the instructions and drive over to the area where your \"Class\" is located. There you register and get a number tag to put on your bike.<br \/>\u00a0<br \/>The information provided about the bike, owner and location will be published. The contact details you provide (so we can reach you) are not published.<\/p>\n\n<\/div>\n<\/div>\n<div id=\"faq-question-1749209223071\" class=\"rank-math-list-item\">\n<h3 class=\"rank-math-question\">I have several motorcycles I want to register, how do I do it?<\/h3>\n<div class=\"rank-math-answer\">\n\n<p>That's fine, as long as you drive the motorcycle in, you can have as many as you want.<br \/>When is the last chance to register?<\/p>\n\n<\/div>\n<\/div>\n<div id=\"faq-question-1749209374779\" class=\"rank-math-list-item\">\n<h3 class=\"rank-math-question\">When is the last chance to register?<\/h3>\n<div class=\"rank-math-answer\">\n\n<p>Registration is open between 09.00 and 13.00 on Saturday.<\/p>\n\n<\/div>\n<\/div>\n<div id=\"faq-question-1749209404529\" class=\"rank-math-list-item\">\n<h3 class=\"rank-math-question\">Who decides which class I will be in?<\/h3>\n<div class=\"rank-math-answer\">\n\n<p>At the entrance, Marlon &amp; Co will classify your bike.<\/p>\n\n<\/div>\n<\/div>\n<div id=\"faq-question-1749209430079\" class=\"rank-math-list-item\">\n<h3 class=\"rank-math-question\">How long the images are displayed on the page.<\/h3>\n<div class=\"rank-math-answer\">\n\n<p>The images will be available on this page for the rest of the year and on\u00a0<a href=\"https:\/\/www.custombikeshow.se\/\">https:\/\/www.custombikeshow.se\/<\/a>\u00a0thereafter, with no end date.<\/p>\n\n<\/div>\n<\/div>\n<div id=\"faq-question-1749209470376\" class=\"rank-math-list-item\">\n<h3 class=\"rank-math-question\">What can you win?<\/h3>\n<div class=\"rank-math-answer\">\n\n<p>The winners in each class will receive a classic pewter trophy and also share a prize table worth about SEK 400,000 and a diploma.<\/p>\n\n<\/div>\n<\/div>\n<div id=\"faq-question-1749209575042\" class=\"rank-math-list-item\">\n<h3 class=\"rank-math-question\">What does it cost to exhibit?<\/h3>\n<div class=\"rank-math-answer\">\n\n<p>It is free to exhibit. However, you pay admission like everyone else.<\/p>\n\n<\/div>\n<\/div>\n<div id=\"faq-question-1749209588694\" class=\"rank-math-list-item\">\n<h3 class=\"rank-math-question\">How do I vote?<\/h3>\n<div class=\"rank-math-answer\">\n\n<p>As a visitor, fill in the voting form in the program sheet with your name, contact details and the number of your favorite motorcycle. Cut it out and put it in one of the yellow voting boxes available on the site.<\/p>\n<p>As an exhibitor, you can vote your favorite motorcycle in each class. You will receive your ballot paper when you register. Fill it in and put it in one of the yellow voting boxes placed around the park.<\/p>\n\n<\/div>\n<\/div>\n<div id=\"faq-question-1749209622343\" class=\"rank-math-list-item\">\n<h3 class=\"rank-math-question\">How do I know who will win?<\/h3>\n<div class=\"rank-math-answer\">\n\n<p>Winners will be announced at the awards ceremony in the park and published here and on\u00a0<a href=\"https:\/\/www.custombikeshow.se\/\">https:\/\/www.custombikeshow.se\/<\/a>\u00a0in the usual way once the exhibition is completed.<\/p>\n\n<\/div>\n<\/div>\n<div id=\"faq-question-1749209643959\" class=\"rank-math-list-item\">\n<h3 class=\"rank-math-question\">Do you have parties in the evenings before and after the exhibition?<\/h3>\n<div class=\"rank-math-answer\">\n\n<p>Yes, there is a party on both Friday and Saturday!<\/p>\n\n<\/div>\n<\/div>\n<\/div>\n<\/div><\/div>","protected":false},"excerpt":{"rendered":"<p>FAQ Vad \u00e4r detta? DETTA \u00c4R DEN DIGITALA DELEN AV CUSTOM BIKE SHOW. F\u00f6rsta l\u00f6rdag i juni \u00e4r det Custom Bike Show, i Societetsparken i Norrt\u00e4lje med massor av h\u00e4ftiga motorcyklar och tusentals bes\u00f6kare. H\u00e4r kan ni f\u00f6lja dagen virtuellt via bilder p\u00e5 utst\u00e4llda motorcyklar, kolla vilka som st\u00f6der oss. Custom Bike Show arrangeras av [&hellip;]<\/p>\n","protected":false},"author":1,"featured_media":0,"parent":0,"menu_order":0,"comment_status":"closed","ping_status":"closed","template":"","meta":{"greyd_block_editor_preview":[],"iawp_total_views":504,"footnotes":""},"class_list":["post-41","page","type-page","status-publish","hentry"],"_links":{"self":[{"href":"https:\/\/2025.custombikeshow.se\/en\/wp-json\/wp\/v2\/pages\/41","targetHints":{"allow":["GET"]}}],"collection":[{"href":"https:\/\/2025.custombikeshow.se\/en\/wp-json\/wp\/v2\/pages"}],"about":[{"href":"https:\/\/2025.custombikeshow.se\/en\/wp-json\/wp\/v2\/types\/page"}],"author":[{"embeddable":true,"href":"https:\/\/2025.custombikeshow.se\/en\/wp-json\/wp\/v2\/users\/1"}],"replies":[{"embeddable":true,"href":"https:\/\/2025.custombikeshow.se\/en\/wp-json\/wp\/v2\/comments?post=41"}],"version-history":[{"count":50,"href":"https:\/\/2025.custombikeshow.se\/en\/wp-json\/wp\/v2\/pages\/41\/revisions"}],"predecessor-version":[{"id":6174,"href":"https:\/\/2025.custombikeshow.se\/en\/wp-json\/wp\/v2\/pages\/41\/revisions\/6174"}],"wp:attachment":[{"href":"https:\/\/2025.custombikeshow.se\/en\/wp-json\/wp\/v2\/media?parent=41"}],"curies":[{"name":"wp","href":"https:\/\/api.w.org\/{rel}","templated":true}]}}