{"id":6369,"date":"2025-06-07T13:08:21","date_gmt":"2025-06-07T11:08:21","guid":{"rendered":"https:\/\/2025.custombikeshow.se\/?page_id=6369"},"modified":"2025-06-07T13:14:38","modified_gmt":"2025-06-07T11:14:38","slug":"custom-bike-show","status":"publish","type":"page","link":"https:\/\/2025.custombikeshow.se\/de\/custom-bike-show\/","title":{"rendered":"Custom Bike Show"},"content":{"rendered":"<div class=\"wp-block-group alignfull has-primary-background-color has-background has-global-padding is-layout-constrained wp-block-group-is-layout-constrained\" style=\"padding-top:var(--wp--preset--spacing--large);padding-bottom:var(--wp--preset--spacing--large)\">\n<h2 class=\"wp-block-heading\"><strong>Willkommen bei der Custom Bike Show in Norrt\u00e4lje 2025!<\/strong><\/h2>\n\n\n\n<p>Sie haben Benzin im Blut, ein Auge f\u00fcr Details und ein Herz, das f\u00fcr Custom Bikes schl\u00e4gt? Dann d\u00fcrfen Sie nicht verpassen <strong>Custom Bike Show in Norrt\u00e4lje 2025<\/strong> - eine der legend\u00e4rsten Veranstaltungen in Europa f\u00fcr alle, die Motorr\u00e4der \u00fcber das normale Ma\u00df hinaus lieben.<\/p>\n\n\n\n<p>Jedes Jahr versammeln sich Tausende von Besuchern im charmanten Norrt\u00e4lje, um einen Tag voller Chrom, Leder, dr\u00f6hnender Motoren - und vor allem: Leidenschaft zu erleben. Hier treffen sich professionelle Motorradbauer, Hobby-Enthusiasten, neugierige Besucher und ganz Motorrad-Schweden, um etwas zu erleben, das viel mehr ist als nur eine Ausstellung. Es ist ein Lebensstil.<\/p>\n\n\n\n<h3 class=\"wp-block-heading\"><strong>Die Show, in der die Geb\u00e4ude ihre eigene Sprache sprechen<\/strong><\/h3>\n\n\n\n<p>Die Custom Bike Show ist keine gew\u00f6hnliche Motorradmesse. Dies ist die B\u00fchne, auf der <strong>Einzigartiges Design, intelligente Technologie und verr\u00fcckte Ideen stehen im Mittelpunkt<\/strong>. Wir sprechen von individuell gebauten Choppern, Bobbern, Caf\u00e9 Racern, Elektrofahrr\u00e4dern und Kunstwerken auf zwei R\u00e4dern, wie Sie sie noch nie gesehen haben. Und es geht nicht nur um die Show - die Erbauer wetteifern auch um Ehre, Preise und den Beifall des Publikums.<\/p>\n\n\n\n<p>M\u00f6chten Sie an der Ausstellung teilnehmen? Ein Riesenspa\u00df! Jeder ist willkommen, egal ob du selbst etwas in der Garage gebaut hast oder mit deinen Kumpels ein Team-Projekt durchf\u00fchrst. Das Wichtigste ist, dass das Fahrrad eine Seele hat. Die Anmeldung erfolgt ganz einfach \u00fcber die Website - und es stehen mehrere Wettbewerbsklassen zur Auswahl.<\/p>\n\n\n\n<h3 class=\"wp-block-heading\"><strong>Abgesehen von den Fahrr\u00e4dern - es gibt viel zu tun!<\/strong><\/h3>\n\n\n\n<p>Obwohl Motorr\u00e4der im Mittelpunkt stehen, gibt es <strong>viel mehr zu erleben auf der Custom Bike Show<\/strong>:<\/p>\n\n\n\n<ul class=\"wp-block-list\">\n<li><strong>Marktgebiet<\/strong> mit Lieferanten, Herstellern und Einzelh\u00e4ndlern von Ersatzteilen und Ausr\u00fcstungen bis hin zu Merchandising- und Vintage-Artikeln.<\/li>\n\n\n\n<li><strong>Street Food und lokale Food Trucks<\/strong> - es ist garantiert f\u00fcr jeden etwas dabei.<\/li>\n\n\n\n<li><strong>Live-Auftritte und Musik<\/strong> den ganzen Tag lang. Was w\u00e4re eine Motorradparty ohne einen sch\u00f6nen Rock im Hintergrund?<\/li>\n\n\n\n<li><strong>Kinderfreundliche Aktivit\u00e4ten<\/strong> - Ja, Sie k\u00f6nnen die ganze Familie mitbringen!<\/li>\n\n\n\n<li><strong>Seminare und Dialoge<\/strong> mit einigen der bekanntesten schwedischen Custom Builders. Holen Sie sich Tipps, Inspiration und vielleicht sogar Werkzeuge f\u00fcr Ihren n\u00e4chsten Bau.<\/li>\n<\/ul>\n\n\n\n<h3 class=\"wp-block-heading\"><strong>Ein Treffpunkt f\u00fcr Motorradkultur<\/strong><\/h3>\n\n\n\n<p>Die Custom Bike Show ist mehr als nur eine Messe - sie ist eine Gemeinschaft. Es ist ein Ort, an dem man Gleichgesinnte trifft, \u00fcber Schrauben und Farbe spricht, sich inspirieren l\u00e4sst und vielleicht sogar Partner oder Motorradfreunde f\u00fcrs Leben findet. Egal, ob du ein Hardcore-Biker bist, ein neugieriger Zuschauer oder dein erstes Fahrrad baust. <strong>jeder ist in der Gemeinschaft willkommen<\/strong>.<\/p>\n\n\n\n<h3 class=\"wp-block-heading\"><strong>Norrt\u00e4lje - perfekter Ort f\u00fcr Fahrradkultur<\/strong><\/h3>\n\n\n\n<p>Norrt\u00e4lje ist nur eine Stunde von Stockholm entfernt, hat aber ein ganz eigenes Flair. Eine gem\u00fctliche Kleinstadt mit Caf\u00e9s, Wasser, alten Industriegeb\u00e4uden und breiten Stra\u00dfen - perfekt f\u00fcr eine Motorradparty. Viele Menschen nutzen auch die Gelegenheit, mit dem Motorrad zur Messe zu fahren und die Landstra\u00dfen durch Roslagen zu genie\u00dfen.<\/p>\n<\/div>","protected":false},"excerpt":{"rendered":"<p>V\u00e4lkommen till Custom Bike Show i Norrt\u00e4lje 2025! Har du bensin i blodet, ett \u00f6ga f\u00f6r detaljer och ett hj\u00e4rta som dunkar lite extra f\u00f6r customhojar? D\u00e5 f\u00e5r du inte missa Custom Bike Show i Norrt\u00e4lje 2025 \u2013 ett av Europas mest legendariska evenemang f\u00f6r dig som \u00e4lskar motorcyklar ut\u00f6ver det vanliga. Varje \u00e5r samlas [&hellip;]<\/p>\n","protected":false},"author":1,"featured_media":0,"parent":0,"menu_order":0,"comment_status":"closed","ping_status":"closed","template":"","meta":{"greyd_block_editor_preview":[],"iawp_total_views":135,"footnotes":""},"class_list":["post-6369","page","type-page","status-publish","hentry"],"_links":{"self":[{"href":"https:\/\/2025.custombikeshow.se\/de\/wp-json\/wp\/v2\/pages\/6369","targetHints":{"allow":["GET"]}}],"collection":[{"href":"https:\/\/2025.custombikeshow.se\/de\/wp-json\/wp\/v2\/pages"}],"about":[{"href":"https:\/\/2025.custombikeshow.se\/de\/wp-json\/wp\/v2\/types\/page"}],"author":[{"embeddable":true,"href":"https:\/\/2025.custombikeshow.se\/de\/wp-json\/wp\/v2\/users\/1"}],"replies":[{"embeddable":true,"href":"https:\/\/2025.custombikeshow.se\/de\/wp-json\/wp\/v2\/comments?post=6369"}],"version-history":[{"count":4,"href":"https:\/\/2025.custombikeshow.se\/de\/wp-json\/wp\/v2\/pages\/6369\/revisions"}],"predecessor-version":[{"id":6383,"href":"https:\/\/2025.custombikeshow.se\/de\/wp-json\/wp\/v2\/pages\/6369\/revisions\/6383"}],"wp:attachment":[{"href":"https:\/\/2025.custombikeshow.se\/de\/wp-json\/wp\/v2\/media?parent=6369"}],"curies":[{"name":"wp","href":"https:\/\/api.w.org\/{rel}","templated":true}]}}