{"id":42,"date":"2022-04-08T09:12:04","date_gmt":"2022-04-08T07:12:04","guid":{"rendered":"https:\/\/2025.custombikeshow.se\/?page_id=42"},"modified":"2025-06-07T10:06:28","modified_gmt":"2025-06-07T08:06:28","slug":"kontakt","status":"publish","type":"page","link":"https:\/\/2025.custombikeshow.se\/de\/kontakt\/","title":{"rendered":"Kontakt"},"content":{"rendered":"<div class=\"wp-block-group alignfull has-primary-background-color has-background has-global-padding is-layout-constrained wp-block-group-is-layout-constrained\" style=\"min-height:70vh;padding-top:var(--wp--preset--spacing--large);padding-bottom:var(--wp--preset--spacing--large)\">\n<h2 class=\"wp-block-heading\">Kontakt<\/h2>\n\n\n\n<p>Twin Club Mc<\/p>\n\n\n\n<p>V\u00e5rgatan 3<\/p>\n\n\n\n<p>761 50 Norrt\u00e4lje<\/p>\n\n\n\n<p>Kasten 212<\/p>\n\n\n\n<p>761 23 Norrt\u00e4lje<\/p>\n\n\n\n<p>Tel. +46 70 2211 322<\/p>\n\n\n\n<p>E-Mail.&nbsp;<a href=\"mailto:info@custombikeshow.se\">info@custombikeshow.se<\/a><\/p>\n<\/div>","protected":false},"excerpt":{"rendered":"<p>Kontakt Twin Club Mc V\u00e5rgatan 3 761 50 Norrt\u00e4lje Box 212 761 23 Norrt\u00e4lje Tel +46 70 2211 322 Email.&nbsp;info@custombikeshow.se<\/p>","protected":false},"author":1,"featured_media":0,"parent":0,"menu_order":0,"comment_status":"closed","ping_status":"closed","template":"","meta":{"greyd_block_editor_preview":[],"iawp_total_views":274,"footnotes":""},"class_list":["post-42","page","type-page","status-publish","hentry"],"_links":{"self":[{"href":"https:\/\/2025.custombikeshow.se\/de\/wp-json\/wp\/v2\/pages\/42","targetHints":{"allow":["GET"]}}],"collection":[{"href":"https:\/\/2025.custombikeshow.se\/de\/wp-json\/wp\/v2\/pages"}],"about":[{"href":"https:\/\/2025.custombikeshow.se\/de\/wp-json\/wp\/v2\/types\/page"}],"author":[{"embeddable":true,"href":"https:\/\/2025.custombikeshow.se\/de\/wp-json\/wp\/v2\/users\/1"}],"replies":[{"embeddable":true,"href":"https:\/\/2025.custombikeshow.se\/de\/wp-json\/wp\/v2\/comments?post=42"}],"version-history":[{"count":7,"href":"https:\/\/2025.custombikeshow.se\/de\/wp-json\/wp\/v2\/pages\/42\/revisions"}],"predecessor-version":[{"id":5891,"href":"https:\/\/2025.custombikeshow.se\/de\/wp-json\/wp\/v2\/pages\/42\/revisions\/5891"}],"wp:attachment":[{"href":"https:\/\/2025.custombikeshow.se\/de\/wp-json\/wp\/v2\/media?parent=42"}],"curies":[{"name":"wp","href":"https:\/\/api.w.org\/{rel}","templated":true}]}}