{"id":41,"date":"2022-04-08T09:12:04","date_gmt":"2022-04-08T07:12:04","guid":{"rendered":"https:\/\/2025.custombikeshow.se\/?page_id=41"},"modified":"2025-06-07T10:04:49","modified_gmt":"2025-06-07T08:04:49","slug":"faq","status":"publish","type":"page","link":"https:\/\/2025.custombikeshow.se\/de\/faq\/","title":{"rendered":"FAQ"},"content":{"rendered":"<div class=\"wp-block-group alignfull has-primary-background-color has-background has-global-padding is-layout-constrained wp-block-group-is-layout-constrained\">\n<h1 class=\"wp-block-heading\">FAQ<\/h1>\n\n\n\n<h2 class=\"wp-block-heading\"><strong>Was ist das?<\/strong><\/h2>\n\n\n\n<p><strong>DIES IST DER DIGITALE TEIL DER CUSTOM BIKE SHOW.<\/strong><\/p>\n\n\n\n<p>Am ersten Samstag im Juni findet im Societetetsparken in Norrt\u00e4lje die Custom Bike Show statt, mit vielen coolen Motorr\u00e4dern und Tausenden von Besuchern.<\/p>\n\n\n\n<p>Hier k\u00f6nnen Sie den Tag virtuell anhand von Bildern der ausgestellten Motorr\u00e4der verfolgen und sehen, wer uns unterst\u00fctzt.<\/p>\n\n\n\n<p>Die Custom Bike Show wird vom Twin Club Mc organisiert, einem der \u00e4ltesten Motorradclubs in Schweden.<\/p>\n\n\n<div id=\"rank-math-faq\" class=\"rank-math-block\">\n<div class=\"rank-math-list\">\n<div id=\"faq-question-1749209178524\" class=\"rank-math-list-item\">\n<h3 class=\"rank-math-question\">Wie kann ich mich anmelden?<\/h3>\n<div class=\"rank-math-answer\">\n\n<p>Wenn Sie am Societetetsparken ankommen, folgen Sie den Schildern \"Exhibitor\" in den Park. Am Eingang wird Ihr Fahrrad von Marlon &amp; Co. klassifiziert. Folgen Sie dann den Anweisungen und fahren Sie zu dem Bereich, in dem sich Ihre \"Klasse\" befindet. Dort melden Sie sich an und erhalten ein Nummernschild, das Sie an Ihrem Fahrrad befestigen.<br \/>\u00a0<br \/>Die Informationen \u00fcber das Fahrrad, den Besitzer und den Standort werden ver\u00f6ffentlicht. Die von Ihnen angegebenen Kontaktdaten (damit wir Sie erreichen k\u00f6nnen) werden nicht ver\u00f6ffentlicht.<\/p>\n\n<\/div>\n<\/div>\n<div id=\"faq-question-1749209223071\" class=\"rank-math-list-item\">\n<h3 class=\"rank-math-question\">Ich habe mehrere Motorr\u00e4der, die ich anmelden m\u00f6chte, wie mache ich das?<\/h3>\n<div class=\"rank-math-answer\">\n\n<p>Das ist in Ordnung, solange du mit dem Motorrad reinf\u00e4hrst, kannst du so viele haben, wie du willst.<br \/>Wann ist die letzte Gelegenheit, sich anzumelden?<\/p>\n\n<\/div>\n<\/div>\n<div id=\"faq-question-1749209374779\" class=\"rank-math-list-item\">\n<h3 class=\"rank-math-question\">Wann ist die letzte Gelegenheit, sich anzumelden?<\/h3>\n<div class=\"rank-math-answer\">\n\n<p>Die Anmeldung ist am Samstag zwischen 09.00 und 13.00 Uhr m\u00f6glich.<\/p>\n\n<\/div>\n<\/div>\n<div id=\"faq-question-1749209404529\" class=\"rank-math-list-item\">\n<h3 class=\"rank-math-question\">Wer entscheidet, in welche Klasse ich eingestuft werde?<\/h3>\n<div class=\"rank-math-answer\">\n\n<p>Am Eingang wird Ihr Fahrrad von Marlon &amp; Co. klassifiziert.<\/p>\n\n<\/div>\n<\/div>\n<div id=\"faq-question-1749209430079\" class=\"rank-math-list-item\">\n<h3 class=\"rank-math-question\">Wie lange die Bilder auf der Seite angezeigt werden.<\/h3>\n<div class=\"rank-math-answer\">\n\n<p>Die Bilder werden f\u00fcr den Rest des Jahres auf dieser Seite und auf\u00a0<a href=\"https:\/\/www.custombikeshow.se\/\">https:\/\/www.custombikeshow.se\/<\/a>\u00a0danach, ohne Enddatum.<\/p>\n\n<\/div>\n<\/div>\n<div id=\"faq-question-1749209470376\" class=\"rank-math-list-item\">\n<h3 class=\"rank-math-question\">Was k\u00f6nnen Sie gewinnen?<\/h3>\n<div class=\"rank-math-answer\">\n\n<p>Die Gewinner in jeder Klasse erhalten eine klassische Zinntroph\u00e4e und teilen sich au\u00dferdem einen Preistisch im Wert von etwa 400 000 SEK sowie eine Urkunde.<\/p>\n\n<\/div>\n<\/div>\n<div id=\"faq-question-1749209575042\" class=\"rank-math-list-item\">\n<h3 class=\"rank-math-question\">Was kostet es, auszustellen?<\/h3>\n<div class=\"rank-math-answer\">\n\n<p>Die Teilnahme an der Ausstellung ist kostenlos. Allerdings zahlen Sie Eintritt wie jeder andere auch.<\/p>\n\n<\/div>\n<\/div>\n<div id=\"faq-question-1749209588694\" class=\"rank-math-list-item\">\n<h3 class=\"rank-math-question\">Wie kann ich w\u00e4hlen?<\/h3>\n<div class=\"rank-math-answer\">\n\n<p>F\u00fcllen Sie als Besucher den Stimmzettel im Programmheft mit Ihrem Namen, Ihren Kontaktdaten und der Nummer Ihres Lieblingsmotorrads aus. Schneiden Sie ihn aus und werfen Sie ihn in eine der gelben Wahlurnen, die auf dem Gel\u00e4nde aufgestellt sind.<\/p>\n<p>Als Aussteller k\u00f6nnen Sie f\u00fcr Ihr Lieblingsmotorrad in jeder Klasse stimmen. Sie erhalten Ihren Stimmzettel bei der Anmeldung. F\u00fcllen Sie ihn aus und werfen Sie ihn in eine der gelben Wahlurnen, die \u00fcberall im Park aufgestellt sind.<\/p>\n\n<\/div>\n<\/div>\n<div id=\"faq-question-1749209622343\" class=\"rank-math-list-item\">\n<h3 class=\"rank-math-question\">Woher wei\u00df ich, wer gewinnen wird?<\/h3>\n<div class=\"rank-math-answer\">\n\n<p>Die Gewinner werden bei der Preisverleihung im Park bekannt gegeben und hier und auf\u00a0<a href=\"https:\/\/www.custombikeshow.se\/\">https:\/\/www.custombikeshow.se\/<\/a>\u00a0nach Beendigung der Ausstellung in der \u00fcblichen Weise.<\/p>\n\n<\/div>\n<\/div>\n<div id=\"faq-question-1749209643959\" class=\"rank-math-list-item\">\n<h3 class=\"rank-math-question\">Veranstalten Sie abends vor und nach der Ausstellung Partys?<\/h3>\n<div class=\"rank-math-answer\">\n\n<p>Ja, es gibt sowohl am Freitag als auch am Samstag eine Party!<\/p>\n\n<\/div>\n<\/div>\n<\/div>\n<\/div><\/div>","protected":false},"excerpt":{"rendered":"<p>FAQ Vad \u00e4r detta? DETTA \u00c4R DEN DIGITALA DELEN AV CUSTOM BIKE SHOW. F\u00f6rsta l\u00f6rdag i juni \u00e4r det Custom Bike Show, i Societetsparken i Norrt\u00e4lje med massor av h\u00e4ftiga motorcyklar och tusentals bes\u00f6kare. H\u00e4r kan ni f\u00f6lja dagen virtuellt via bilder p\u00e5 utst\u00e4llda motorcyklar, kolla vilka som st\u00f6der oss. Custom Bike Show arrangeras av [&hellip;]<\/p>\n","protected":false},"author":1,"featured_media":0,"parent":0,"menu_order":0,"comment_status":"closed","ping_status":"closed","template":"","meta":{"greyd_block_editor_preview":[],"iawp_total_views":504,"footnotes":""},"class_list":["post-41","page","type-page","status-publish","hentry"],"_links":{"self":[{"href":"https:\/\/2025.custombikeshow.se\/de\/wp-json\/wp\/v2\/pages\/41","targetHints":{"allow":["GET"]}}],"collection":[{"href":"https:\/\/2025.custombikeshow.se\/de\/wp-json\/wp\/v2\/pages"}],"about":[{"href":"https:\/\/2025.custombikeshow.se\/de\/wp-json\/wp\/v2\/types\/page"}],"author":[{"embeddable":true,"href":"https:\/\/2025.custombikeshow.se\/de\/wp-json\/wp\/v2\/users\/1"}],"replies":[{"embeddable":true,"href":"https:\/\/2025.custombikeshow.se\/de\/wp-json\/wp\/v2\/comments?post=41"}],"version-history":[{"count":50,"href":"https:\/\/2025.custombikeshow.se\/de\/wp-json\/wp\/v2\/pages\/41\/revisions"}],"predecessor-version":[{"id":6174,"href":"https:\/\/2025.custombikeshow.se\/de\/wp-json\/wp\/v2\/pages\/41\/revisions\/6174"}],"wp:attachment":[{"href":"https:\/\/2025.custombikeshow.se\/de\/wp-json\/wp\/v2\/media?parent=41"}],"curies":[{"name":"wp","href":"https:\/\/api.w.org\/{rel}","templated":true}]}}