{"id":2117,"date":"2023-05-30T11:16:35","date_gmt":"2023-05-30T09:16:35","guid":{"rendered":"https:\/\/2025.custombikeshow.se\/?page_id=2117"},"modified":"2025-06-07T14:00:16","modified_gmt":"2025-06-07T12:00:16","slug":"jury-custom-bike-show-2025-stockholm","status":"publish","type":"page","link":"https:\/\/2025.custombikeshow.se\/de\/jury-custom-bike-show-2025-stockholm\/","title":{"rendered":"Jury Custom Bike Show 2025"},"content":{"rendered":"<div class=\"wp-block-group alignfull has-primary-background-color has-background has-global-padding is-layout-constrained wp-block-group-is-layout-constrained\" style=\"padding-top:var(--wp--preset--spacing--large);padding-bottom:var(--wp--preset--spacing--large)\">\n<h2 class=\"wp-block-heading\">Jury Custom Bike Show 2025<\/h2>\n\n\n\n<div class=\"wp-block-cover is-light\"><img decoding=\"async\" width=\"1024\" height=\"768\" class=\"wp-block-cover__image-background wp-image-6070 size-large\" alt=\"\" src=\"https:\/\/2025.custombikeshow.se\/wp-content\/uploads\/2025\/06\/IMG_5728-1024x768.jpeg\" data-object-fit=\"cover\" srcset=\"https:\/\/2025.custombikeshow.se\/wp-content\/uploads\/2025\/06\/IMG_5728-1024x768.jpeg 1024w, https:\/\/2025.custombikeshow.se\/wp-content\/uploads\/2025\/06\/IMG_5728-300x225.jpeg 300w, https:\/\/2025.custombikeshow.se\/wp-content\/uploads\/2025\/06\/IMG_5728-768x576.jpeg 768w, https:\/\/2025.custombikeshow.se\/wp-content\/uploads\/2025\/06\/IMG_5728-1536x1152.jpeg 1536w, https:\/\/2025.custombikeshow.se\/wp-content\/uploads\/2025\/06\/IMG_5728-scaled.jpeg 1600w, https:\/\/2025.custombikeshow.se\/wp-content\/uploads\/2025\/06\/IMG_5728-16x12.jpeg 16w\" sizes=\"(max-width: 1024px) 100vw, 1024px\" \/><span aria-hidden=\"true\" class=\"wp-block-cover__background has-background-dim-10 has-background-dim\" style=\"background-color:#a27572\"><\/span><div class=\"wp-block-cover__inner-container has-global-padding is-layout-constrained wp-block-cover-is-layout-constrained\">\n<p class=\"has-text-align-center has-large-font-size\"><\/p>\n<\/div><\/div>\n\n\n\n<div class=\"wp-block-group is-nowrap is-layout-flex wp-container-core-group-is-layout-6c531013 wp-block-group-is-layout-flex\">\n<div class=\"wp-block-columns is-layout-flex wp-container-core-columns-is-layout-28f84493 wp-block-columns-is-layout-flex\">\n<div class=\"wp-block-column col-12 col-sm-auto is-layout-flow wp-block-column-is-layout-flow\" style=\"flex-basis:66.66%;width:66.66%\">\n<figure class=\"wp-block-image size-large\"><img decoding=\"async\" width=\"768\" height=\"1024\" src=\"https:\/\/2025.custombikeshow.se\/wp-content\/uploads\/2025\/06\/IMG_5731-768x1024.jpeg\" alt=\"\" class=\"wp-image-6080\" style=\"aspect-ratio:1;object-fit:cover\" srcset=\"https:\/\/2025.custombikeshow.se\/wp-content\/uploads\/2025\/06\/IMG_5731-768x1024.jpeg 768w, https:\/\/2025.custombikeshow.se\/wp-content\/uploads\/2025\/06\/IMG_5731-225x300.jpeg 225w, https:\/\/2025.custombikeshow.se\/wp-content\/uploads\/2025\/06\/IMG_5731-1152x1536.jpeg 1152w, https:\/\/2025.custombikeshow.se\/wp-content\/uploads\/2025\/06\/IMG_5731-scaled.jpeg 1200w, https:\/\/2025.custombikeshow.se\/wp-content\/uploads\/2025\/06\/IMG_5731-9x12.jpeg 9w\" sizes=\"(max-width: 768px) 100vw, 768px\" \/><\/figure>\n\n\n\n<p>Herr Micke Schultz, Stockholm<\/p>\n<\/div>\n\n\n\n<div class=\"wp-block-column col-12 col-sm-auto is-layout-flow wp-block-column-is-layout-flow\" style=\"flex-basis:33.33%;width:33.33%\">\n<figure class=\"wp-block-image size-large\"><img decoding=\"async\" width=\"768\" height=\"1024\" src=\"https:\/\/2025.custombikeshow.se\/wp-content\/uploads\/2025\/06\/IMG_5730-768x1024.jpeg\" alt=\"\" class=\"wp-image-6076\" style=\"aspect-ratio:1;object-fit:cover\" srcset=\"https:\/\/2025.custombikeshow.se\/wp-content\/uploads\/2025\/06\/IMG_5730-768x1024.jpeg 768w, https:\/\/2025.custombikeshow.se\/wp-content\/uploads\/2025\/06\/IMG_5730-225x300.jpeg 225w, https:\/\/2025.custombikeshow.se\/wp-content\/uploads\/2025\/06\/IMG_5730-1152x1536.jpeg 1152w, https:\/\/2025.custombikeshow.se\/wp-content\/uploads\/2025\/06\/IMG_5730-scaled.jpeg 1200w, https:\/\/2025.custombikeshow.se\/wp-content\/uploads\/2025\/06\/IMG_5730-9x12.jpeg 9w\" sizes=\"(max-width: 768px) 100vw, 768px\" \/><\/figure>\n\n\n\n<p>Kenneth Holmberg, Twin Club Norrt\u00e4lje<\/p>\n<\/div>\n\n\n\n<div class=\"wp-block-column col-12 col-sm-auto is-layout-flow wp-block-column-is-layout-flow\" style=\"flex-basis:33.33%;width:33.33%\">\n<figure class=\"wp-block-image size-large\"><img decoding=\"async\" width=\"768\" height=\"1024\" src=\"https:\/\/2025.custombikeshow.se\/wp-content\/uploads\/2025\/06\/IMG_5732-768x1024.jpeg\" alt=\"\" class=\"wp-image-6079\" style=\"aspect-ratio:1;object-fit:cover\" srcset=\"https:\/\/2025.custombikeshow.se\/wp-content\/uploads\/2025\/06\/IMG_5732-768x1024.jpeg 768w, https:\/\/2025.custombikeshow.se\/wp-content\/uploads\/2025\/06\/IMG_5732-225x300.jpeg 225w, https:\/\/2025.custombikeshow.se\/wp-content\/uploads\/2025\/06\/IMG_5732-1152x1536.jpeg 1152w, https:\/\/2025.custombikeshow.se\/wp-content\/uploads\/2025\/06\/IMG_5732-scaled.jpeg 1200w, https:\/\/2025.custombikeshow.se\/wp-content\/uploads\/2025\/06\/IMG_5732-9x12.jpeg 9w\" sizes=\"(max-width: 768px) 100vw, 768px\" \/><\/figure>\n\n\n\n<p>Roffe Johansson, Stockholm<\/p>\n<\/div>\n\n\n\n<div class=\"wp-block-column col-12 col-sm-auto is-layout-flow wp-block-column-is-layout-flow\" style=\"flex-basis:33.33%;width:33.33%\">\n<figure class=\"wp-block-image size-large\"><img decoding=\"async\" width=\"768\" height=\"1024\" src=\"https:\/\/2025.custombikeshow.se\/wp-content\/uploads\/2025\/06\/IMG_5733-768x1024.jpeg\" alt=\"\" class=\"wp-image-6078\" style=\"aspect-ratio:1;object-fit:cover\" srcset=\"https:\/\/2025.custombikeshow.se\/wp-content\/uploads\/2025\/06\/IMG_5733-768x1024.jpeg 768w, https:\/\/2025.custombikeshow.se\/wp-content\/uploads\/2025\/06\/IMG_5733-225x300.jpeg 225w, https:\/\/2025.custombikeshow.se\/wp-content\/uploads\/2025\/06\/IMG_5733-1152x1536.jpeg 1152w, https:\/\/2025.custombikeshow.se\/wp-content\/uploads\/2025\/06\/IMG_5733-scaled.jpeg 1200w, https:\/\/2025.custombikeshow.se\/wp-content\/uploads\/2025\/06\/IMG_5733-9x12.jpeg 9w\" sizes=\"(max-width: 768px) 100vw, 768px\" \/><\/figure>\n\n\n\n<p>Richard Larsson, Stockholm<\/p>\n<\/div>\n\n\n\n<div class=\"wp-block-column col-12 col-sm-auto is-layout-flow wp-block-column-is-layout-flow\" style=\"flex-basis:33.33%;width:33.33%\">\n<figure class=\"wp-block-image size-large\"><img decoding=\"async\" width=\"768\" height=\"1024\" src=\"https:\/\/2025.custombikeshow.se\/wp-content\/uploads\/2025\/06\/IMG_5734-768x1024.jpeg\" alt=\"\" class=\"wp-image-6077\" style=\"aspect-ratio:1;object-fit:cover\" srcset=\"https:\/\/2025.custombikeshow.se\/wp-content\/uploads\/2025\/06\/IMG_5734-768x1024.jpeg 768w, https:\/\/2025.custombikeshow.se\/wp-content\/uploads\/2025\/06\/IMG_5734-225x300.jpeg 225w, https:\/\/2025.custombikeshow.se\/wp-content\/uploads\/2025\/06\/IMG_5734-1152x1536.jpeg 1152w, https:\/\/2025.custombikeshow.se\/wp-content\/uploads\/2025\/06\/IMG_5734-scaled.jpeg 1200w, https:\/\/2025.custombikeshow.se\/wp-content\/uploads\/2025\/06\/IMG_5734-9x12.jpeg 9w\" sizes=\"(max-width: 768px) 100vw, 768px\" \/><\/figure>\n\n\n\n<p>Marcus Loman, Twin Club Norrt\u00e4lje<\/p>\n<\/div>\n<\/div>\n<\/div>\n\n\n\n<p><strong>Custom Bike Show 2025<\/strong> wird voraussichtlich eine der am meisten erwarteten Veranstaltungen des Jahres in der Welt der Custom-Motorr\u00e4der sein. Die Veranstaltung findet in der pulsierenden Stadt Norrt\u00e4lje statt und bringt Enthusiasten, Konstrukteure und Fans aus der ganzen Welt zusammen, um die Kunst des Custom-Motorradbaus zu feiern. Die Besucher k\u00f6nnen sich auf eine Ausstellung voller einzigartiger Designs, innovativer Technik und der neuesten Trends in der Motorradbranche freuen. Die Erwartungen steigen, je n\u00e4her der Termin r\u00fcckt, und viele sind gespannt darauf, welche kreativen Konstruktionen enth\u00fcllt werden.<\/p>\n\n\n\n<p>Normalerweise werden die Gewinner von den Ausstellern selbst gew\u00e4hlt. Die Jury bietet eine Alternative und w\u00e4hlt unabh\u00e4ngig von der Klassenzugeh\u00f6rigkeit 3 Gewinner f\u00fcr den \"Twin Club Jury Award\" aus.<\/p>\n\n\n\n<p><\/p>\n\n\n\n<p><strong>Herr Micke Schultz<\/strong>ein in der Motorradwelt bekanntes Profil aus Stockholm. Er f\u00e4hrt viel und ist zu etwa 20 Veranstaltungen in Europa gereist. Mickes Leidenschaft begann schon fr\u00fch im Leben und wenn er nicht f\u00e4hrt, ist er in \"Pysslet\" und schafft Metallkunst.<\/p>\n\n\n\n<p><strong>Kenneth Holmberg<\/strong>als Vertreter des Twin Club Norrt\u00e4lje.<br>Seine Projekte sind zahlreich und er vertritt Zodiac auch in den nordischen L\u00e4ndern.<br>Mit seinem Unternehmen SweComposite ist er in der Welt des Rennsports ein bekannter Name.<\/p>\n\n\n\n<p><strong>Herr Roffe Johansson<\/strong>, ebenfalls aus Stockholm, reist ebenfalls weit und viel.<br>Normalerweise ist er bei seiner Firma The Part Stop und jetzt auch bei Ace Performance zu sehen.<\/p>\n\n\n\n<p><strong>Richard Larsson<\/strong>, ein weiterer wichtiger Teilnehmer aus Stockholm. Richard ist ein geschickter und sorgf\u00e4ltiger Chopper-Bauer. Ansonsten findet man ihn im Wald oder am See mit einer Angelrute oder einem Gewehr in der Hand.<\/p>\n\n\n\n<p><strong>Marcus Loman<\/strong>der zusammen mit Kenneth den Twin Club Norrt\u00e4lje vertritt, sind vielversprechende Bauherren, aber im Moment nimmt die Familie viel Platz in Anspruch.<\/p>\n\n\n\n<p><\/p>\n<\/div>","protected":false},"excerpt":{"rendered":"<p>Juryn Custom Bike Show 2025 Micke Schultz, Stockholm Kenneth Holmberg, Twin Club Norrt\u00e4lje Roffe Johansson, Stockholm Richard Larsson, Stockholm Marcus Loman, Twin Club Norrt\u00e4lje Custom Bike Show 2025 f\u00f6rv\u00e4ntas bli ett av \u00e5rets mest efterl\u00e4ngtade evenemang inom custom-motorcykelv\u00e4rlden. Evenemanget h\u00e5lls i den livfulla staden Norrt\u00e4lje och samlar entusiaster, byggare och fans fr\u00e5n hela v\u00e4rlden f\u00f6r [&hellip;]<\/p>\n","protected":false},"author":1,"featured_media":0,"parent":0,"menu_order":0,"comment_status":"closed","ping_status":"closed","template":"","meta":{"greyd_block_editor_preview":[],"iawp_total_views":462,"footnotes":""},"class_list":["post-2117","page","type-page","status-publish","hentry"],"_links":{"self":[{"href":"https:\/\/2025.custombikeshow.se\/de\/wp-json\/wp\/v2\/pages\/2117","targetHints":{"allow":["GET"]}}],"collection":[{"href":"https:\/\/2025.custombikeshow.se\/de\/wp-json\/wp\/v2\/pages"}],"about":[{"href":"https:\/\/2025.custombikeshow.se\/de\/wp-json\/wp\/v2\/types\/page"}],"author":[{"embeddable":true,"href":"https:\/\/2025.custombikeshow.se\/de\/wp-json\/wp\/v2\/users\/1"}],"replies":[{"embeddable":true,"href":"https:\/\/2025.custombikeshow.se\/de\/wp-json\/wp\/v2\/comments?post=2117"}],"version-history":[{"count":65,"href":"https:\/\/2025.custombikeshow.se\/de\/wp-json\/wp\/v2\/pages\/2117\/revisions"}],"predecessor-version":[{"id":6397,"href":"https:\/\/2025.custombikeshow.se\/de\/wp-json\/wp\/v2\/pages\/2117\/revisions\/6397"}],"wp:attachment":[{"href":"https:\/\/2025.custombikeshow.se\/de\/wp-json\/wp\/v2\/media?parent=2117"}],"curies":[{"name":"wp","href":"https:\/\/api.w.org\/{rel}","templated":true}]}}